{"id":1860,"date":"2023-05-30T14:41:20","date_gmt":"2023-05-30T20:41:20","guid":{"rendered":"https:\/\/imprentalo.mx\/impresion\/?page_id=1860"},"modified":"2023-12-14T13:37:39","modified_gmt":"2023-12-14T19:37:39","slug":"impresion-editorial","status":"publish","type":"page","link":"https:\/\/imprentalo.mx\/impresion\/impresion-editorial\/","title":{"rendered":"Impresi\u00f3n de libros y revistas"},"content":{"rendered":"\t\t<div data-elementor-type=\"wp-page\" data-elementor-id=\"1860\" class=\"elementor elementor-1860\" data-elementor-post-type=\"page\">\n\t\t\t\t<div class=\"elementor-element elementor-element-1fe233f e-con-full e-flex e-con e-parent\" data-id=\"1fe233f\" data-element_type=\"container\">\n\t\t<div class=\"elementor-element elementor-element-3d5df34 e-con-full animated-fast e-flex elementor-invisible e-con e-child\" data-id=\"3d5df34\" data-element_type=\"container\" data-settings=\"{&quot;background_background&quot;:&quot;gradient&quot;,&quot;animation_delay&quot;:0,&quot;animation&quot;:&quot;fadeIn&quot;}\">\n\t\t<div class=\"elementor-element elementor-element-993a5e8 e-con-full e-flex e-con e-child\" data-id=\"993a5e8\" data-element_type=\"container\">\n\t\t\t\t<div class=\"elementor-element elementor-element-1b85fd7 shadow-test elementor-widget__width-inherit elementor-align-center elementor-widget elementor-widget-lottie\" data-id=\"1b85fd7\" data-element_type=\"widget\" data-settings=\"{&quot;source_json&quot;:{&quot;url&quot;:&quot;https:\\\/\\\/imprentalo.mx\\\/impresion\\\/wp-content\\\/uploads\\\/2023\\\/06\\\/editorial-title-v2.json&quot;,&quot;id&quot;:3380,&quot;size&quot;:&quot;&quot;,&quot;alt&quot;:&quot;&quot;,&quot;source&quot;:&quot;library&quot;},&quot;start_point&quot;:{&quot;unit&quot;:&quot;%&quot;,&quot;size&quot;:0,&quot;sizes&quot;:[]},&quot;play_speed&quot;:{&quot;unit&quot;:&quot;px&quot;,&quot;size&quot;:1.600000000000000088817841970012523233890533447265625,&quot;sizes&quot;:[]},&quot;trigger&quot;:&quot;none&quot;,&quot;loop&quot;:&quot;yes&quot;,&quot;source&quot;:&quot;media_file&quot;,&quot;caption_source&quot;:&quot;none&quot;,&quot;link_to&quot;:&quot;none&quot;,&quot;end_point&quot;:{&quot;unit&quot;:&quot;%&quot;,&quot;size&quot;:100,&quot;sizes&quot;:[]},&quot;renderer&quot;:&quot;svg&quot;}\" data-widget_type=\"lottie.default\">\n\t\t\t\t<div class=\"elementor-widget-container\">\n\t\t\t\t\t<div class=\"e-lottie__container\"><div class=\"e-lottie__animation\"><\/div><\/div>\t\t\t\t<\/div>\n\t\t\t\t<\/div>\n\t\t\t\t<\/div>\n\t\t\t\t<div class=\"elementor-element elementor-element-61979dc about-animated elementor-headline--style-highlight elementor-widget elementor-widget-animated-headline\" data-id=\"61979dc\" data-element_type=\"widget\" data-settings=\"{&quot;marker&quot;:&quot;underline&quot;,&quot;highlighted_text&quot;:&quot;procesos y calidad.&quot;,&quot;highlight_animation_duration&quot;:1000,&quot;highlight_iteration_delay&quot;:5000,&quot;headline_style&quot;:&quot;highlight&quot;,&quot;loop&quot;:&quot;yes&quot;}\" data-widget_type=\"animated-headline.default\">\n\t\t\t\t<div class=\"elementor-widget-container\">\n\t\t\t\t\t\t\t<h3 class=\"elementor-headline\">\n\t\t\t\t\t<span class=\"elementor-headline-plain-text elementor-headline-text-wrapper\">Literatura con <\/span>\n\t\t\t\t<span class=\"elementor-headline-dynamic-wrapper elementor-headline-text-wrapper\">\n\t\t\t\t\t<span class=\"elementor-headline-dynamic-text elementor-headline-text-active\">procesos y calidad.<\/span>\n\t\t\t\t<\/span>\n\t\t\t\t<\/h3>\n\t\t\t\t\t\t<\/div>\n\t\t\t\t<\/div>\n\t\t\t\t<div class=\"elementor-element elementor-element-8c7839e elementor-widget__width-initial elementor-widget elementor-widget-text-editor\" data-id=\"8c7839e\" data-element_type=\"widget\" data-widget_type=\"text-editor.default\">\n\t\t\t\t<div class=\"elementor-widget-container\">\n\t\t\t\t\t\t\t\t\t<p>Desde el dise\u00f1o de la maquetaci\u00f3n hasta la impresi\u00f3n y encuadernaci\u00f3n, cuidamos cada etapa del proceso con meticulosidad y calidad. Nuestra habilidad para comprender y plasmar la visi\u00f3n de los autores y editores en cada proyecto es admirable. Adem\u00e1s, la atenci\u00f3n al detalle en la selecci\u00f3n de materiales, acabados y t\u00e9cnicas de impresi\u00f3n garantiza resultados de alta calidad.<\/p><p>Los libros producidos por Impr\u00e9ntalo destacan por su excelente presentaci\u00f3n y durabilidad. Adem\u00e1s, nuestra capacidad para gestionar eficientemente los plazos y entregar proyectos en tiempo y forma nos distingue en la industria editorial. Los clientes conf\u00edan en nuestros servicios de producci\u00f3n editorial para llevar a cabo sus proyectos literarios con profesionalismo y excelencia.<\/p>\t\t\t\t\t\t\t\t<\/div>\n\t\t\t\t<\/div>\n\t\t\t\t<\/div>\n\t\t<div class=\"elementor-element elementor-element-51c5317 e-con-full e-flex e-con e-child\" data-id=\"51c5317\" data-element_type=\"container\" data-settings=\"{&quot;background_background&quot;:&quot;gradient&quot;}\">\n\t\t\t\t<div class=\"elementor-element elementor-element-a9bcba2 elementor-widget elementor-widget-image\" data-id=\"a9bcba2\" data-element_type=\"widget\" data-widget_type=\"image.default\">\n\t\t\t\t<div class=\"elementor-widget-container\">\n\t\t\t\t\t\t\t\t\t\t\t\t\t\t\t<img fetchpriority=\"high\" decoding=\"async\" width=\"800\" height=\"313\" src=\"https:\/\/imprentalo.mx\/impresion\/wp-content\/uploads\/2023\/06\/libros-1024x401.webp\" class=\"attachment-large size-large wp-image-2624 not-transparent\" alt=\"\" srcset=\"https:\/\/imprentalo.mx\/impresion\/wp-content\/uploads\/2023\/06\/libros-1024x401.webp 1024w, https:\/\/imprentalo.mx\/impresion\/wp-content\/uploads\/2023\/06\/libros-300x117.webp 300w, https:\/\/imprentalo.mx\/impresion\/wp-content\/uploads\/2023\/06\/libros-768x300.webp 768w, https:\/\/imprentalo.mx\/impresion\/wp-content\/uploads\/2023\/06\/libros-1536x601.webp 1536w, https:\/\/imprentalo.mx\/impresion\/wp-content\/uploads\/2023\/06\/libros-jpg.webp 1920w\" sizes=\"(max-width: 800px) 100vw, 800px\" data-has-transparency=\"false\" data-dominant-color=\"d0d2d1\" style=\"--dominant-color: #d0d2d1\" \/>\t\t\t\t\t\t\t\t\t\t\t\t\t\t\t<\/div>\n\t\t\t\t<\/div>\n\t\t\t\t<div class=\"elementor-element elementor-element-db5b8e8 elementor-widget elementor-widget-text-editor\" data-id=\"db5b8e8\" data-element_type=\"widget\" data-widget_type=\"text-editor.default\">\n\t\t\t\t<div class=\"elementor-widget-container\">\n\t\t\t\t\t\t\t\t\t<p>La impresi\u00f3n Offset es un m\u00e9todo de reproducci\u00f3n de documentos e im\u00e1genes sobre papel, o materiales similares, que consiste en aplicar una tinta, generalmente oleosa, sobre una plancha met\u00e1lica, compuesta generalmente de una aleaci\u00f3n de aluminio. La plancha toma la tinta en las zonas donde hay un compuesto hidr\u00f3fobo, el resto de la plancha se moja con agua para que repela la tinta; la imagen o el texto se trasfiere por presi\u00f3n a una mantilla de caucho, para pasarla, finalmente, al papel por presi\u00f3n.<\/p>\t\t\t\t\t\t\t\t<\/div>\n\t\t\t\t<\/div>\n\t\t\t\t<div class=\"elementor-element elementor-element-5f02729 elementor-align-center elementor-widget elementor-widget-button\" data-id=\"5f02729\" data-element_type=\"widget\" data-widget_type=\"button.default\">\n\t\t\t\t<div class=\"elementor-widget-container\">\n\t\t\t\t\t\t\t\t\t<div class=\"elementor-button-wrapper\">\n\t\t\t\t\t<a class=\"elementor-button elementor-button-link elementor-size-sm\" href=\"https:\/\/api.whatsapp.com\/message\/WK7OTJS2DYVOH1\" target=\"_blank\">\n\t\t\t\t\t\t<span class=\"elementor-button-content-wrapper\">\n\t\t\t\t\t\t\t\t\t<span class=\"elementor-button-text\">Env\u00eda un mensaje por WhatsApp<\/span>\n\t\t\t\t\t<\/span>\n\t\t\t\t\t<\/a>\n\t\t\t\t<\/div>\n\t\t\t\t\t\t\t\t<\/div>\n\t\t\t\t<\/div>\n\t\t\t\t<\/div>\n\t\t\t\t<\/div>\n\t\t\t\t<\/div>\n\t\t","protected":false},"excerpt":{"rendered":"<p>Desde un ejemplar hasta un mill\u00f3n, podemos ayudarte a imprimir tu libro o cualquier otra cosa que necesites.<\/p>\n","protected":false},"author":1,"featured_media":2624,"parent":0,"menu_order":0,"comment_status":"closed","ping_status":"closed","template":"elementor_header_footer","meta":{"footnotes":""},"class_list":["post-1860","page","type-page","status-publish","has-post-thumbnail","hentry"],"yoast_head":"<!-- This site is optimized with the Yoast SEO plugin v26.4 - https:\/\/yoast.com\/wordpress\/plugins\/seo\/ -->\n<title>Impresi\u00f3n de libros y revistas - Impr\u00e9ntalo.mx<\/title>\n<meta name=\"description\" content=\"Desde un ejemplar hasta un mill\u00f3n, podemos ayudarte a imprimir tu libro,revista o cualquier otra cosa que necesites.\" \/>\n<meta name=\"robots\" content=\"index, follow, max-snippet:-1, max-image-preview:large, max-video-preview:-1\" \/>\n<link rel=\"canonical\" href=\"https:\/\/imprentalo.mx\/impresion\/impresion-editorial\/\" \/>\n<meta property=\"og:locale\" content=\"es_ES\" \/>\n<meta property=\"og:type\" content=\"article\" \/>\n<meta property=\"og:title\" content=\"Impresi\u00f3n de libros y revistas - Impr\u00e9ntalo.mx\" \/>\n<meta property=\"og:description\" content=\"Desde un ejemplar hasta un mill\u00f3n, podemos ayudarte a imprimir tu libro,revista o cualquier otra cosa que necesites.\" \/>\n<meta property=\"og:url\" content=\"https:\/\/imprentalo.mx\/impresion\/impresion-editorial\/\" \/>\n<meta property=\"og:site_name\" content=\"Imprentalo.mx\" \/>\n<meta property=\"article:modified_time\" content=\"2023-12-14T19:37:39+00:00\" \/>\n<meta property=\"og:image\" content=\"https:\/\/imprentalo.mx\/impresion\/wp-content\/uploads\/2023\/06\/libros-jpg.webp\" \/>\n\t<meta property=\"og:image:width\" content=\"1920\" \/>\n\t<meta property=\"og:image:height\" content=\"751\" \/>\n\t<meta property=\"og:image:type\" content=\"image\/jpeg\" \/>\n<meta name=\"twitter:card\" content=\"summary_large_image\" \/>\n<meta name=\"twitter:label1\" content=\"Tiempo de lectura\" \/>\n\t<meta name=\"twitter:data1\" content=\"2 minutos\" \/>\n<script type=\"application\/ld+json\" class=\"yoast-schema-graph\">{\"@context\":\"https:\/\/schema.org\",\"@graph\":[{\"@type\":\"WebPage\",\"@id\":\"https:\/\/imprentalo.mx\/impresion\/impresion-editorial\/\",\"url\":\"https:\/\/imprentalo.mx\/impresion\/impresion-editorial\/\",\"name\":\"Impresi\u00f3n de libros y revistas - Impr\u00e9ntalo.mx\",\"isPartOf\":{\"@id\":\"https:\/\/imprentalo.mx\/impresion\/#website\"},\"primaryImageOfPage\":{\"@id\":\"https:\/\/imprentalo.mx\/impresion\/impresion-editorial\/#primaryimage\"},\"image\":{\"@id\":\"https:\/\/imprentalo.mx\/impresion\/impresion-editorial\/#primaryimage\"},\"thumbnailUrl\":\"https:\/\/imprentalo.mx\/impresion\/wp-content\/uploads\/2023\/06\/libros-jpg.webp\",\"datePublished\":\"2023-05-30T20:41:20+00:00\",\"dateModified\":\"2023-12-14T19:37:39+00:00\",\"description\":\"Desde un ejemplar hasta un mill\u00f3n, podemos ayudarte a imprimir tu libro,revista o cualquier otra cosa que necesites.\",\"breadcrumb\":{\"@id\":\"https:\/\/imprentalo.mx\/impresion\/impresion-editorial\/#breadcrumb\"},\"inLanguage\":\"es\",\"potentialAction\":[{\"@type\":\"ReadAction\",\"target\":[\"https:\/\/imprentalo.mx\/impresion\/impresion-editorial\/\"]}]},{\"@type\":\"ImageObject\",\"inLanguage\":\"es\",\"@id\":\"https:\/\/imprentalo.mx\/impresion\/impresion-editorial\/#primaryimage\",\"url\":\"https:\/\/imprentalo.mx\/impresion\/wp-content\/uploads\/2023\/06\/libros-jpg.webp\",\"contentUrl\":\"https:\/\/imprentalo.mx\/impresion\/wp-content\/uploads\/2023\/06\/libros-jpg.webp\",\"width\":1920,\"height\":751,\"caption\":\"Old man hands holding a green young plant. Symbol of spring and ecology concept\"},{\"@type\":\"BreadcrumbList\",\"@id\":\"https:\/\/imprentalo.mx\/impresion\/impresion-editorial\/#breadcrumb\",\"itemListElement\":[{\"@type\":\"ListItem\",\"position\":1,\"name\":\"Home\",\"item\":\"https:\/\/imprentalo.mx\/impresion\/\"},{\"@type\":\"ListItem\",\"position\":2,\"name\":\"Impresi\u00f3n de libros y revistas\"}]},{\"@type\":\"WebSite\",\"@id\":\"https:\/\/imprentalo.mx\/impresion\/#website\",\"url\":\"https:\/\/imprentalo.mx\/impresion\/\",\"name\":\"Imprentalo\",\"description\":\"Servicios de Impresi&oacute;n a tu medida\",\"publisher\":{\"@id\":\"https:\/\/imprentalo.mx\/impresion\/#organization\"},\"inLanguage\":\"es\"},{\"@type\":\"Organization\",\"@id\":\"https:\/\/imprentalo.mx\/impresion\/#organization\",\"name\":\"Impr\u00e9ntalo\",\"url\":\"https:\/\/imprentalo.mx\/impresion\/\",\"logo\":{\"@type\":\"ImageObject\",\"inLanguage\":\"es\",\"@id\":\"https:\/\/imprentalo.mx\/impresion\/#\/schema\/logo\/image\/\",\"url\":\"https:\/\/imprentalo.mx\/impresion\/wp-content\/uploads\/2021\/10\/cropped-IMPRENTALO-negro-2.png\",\"contentUrl\":\"https:\/\/imprentalo.mx\/impresion\/wp-content\/uploads\/2021\/10\/cropped-IMPRENTALO-negro-2.png\",\"width\":903,\"height\":305,\"caption\":\"Impr\u00e9ntalo\"},\"image\":{\"@id\":\"https:\/\/imprentalo.mx\/impresion\/#\/schema\/logo\/image\/\"}}]}<\/script>\n<!-- \/ Yoast SEO plugin. -->","yoast_head_json":{"title":"Impresi\u00f3n de libros y revistas - Impr\u00e9ntalo.mx","description":"Desde un ejemplar hasta un mill\u00f3n, podemos ayudarte a imprimir tu libro,revista o cualquier otra cosa que necesites.","robots":{"index":"index","follow":"follow","max-snippet":"max-snippet:-1","max-image-preview":"max-image-preview:large","max-video-preview":"max-video-preview:-1"},"canonical":"https:\/\/imprentalo.mx\/impresion\/impresion-editorial\/","og_locale":"es_ES","og_type":"article","og_title":"Impresi\u00f3n de libros y revistas - Impr\u00e9ntalo.mx","og_description":"Desde un ejemplar hasta un mill\u00f3n, podemos ayudarte a imprimir tu libro,revista o cualquier otra cosa que necesites.","og_url":"https:\/\/imprentalo.mx\/impresion\/impresion-editorial\/","og_site_name":"Imprentalo.mx","article_modified_time":"2023-12-14T19:37:39+00:00","og_image":[{"width":1920,"height":751,"url":"https:\/\/imprentalo.mx\/impresion\/wp-content\/uploads\/2023\/06\/libros-jpg.webp","type":"image\/jpeg"}],"twitter_card":"summary_large_image","twitter_misc":{"Tiempo de lectura":"2 minutos"},"schema":{"@context":"https:\/\/schema.org","@graph":[{"@type":"WebPage","@id":"https:\/\/imprentalo.mx\/impresion\/impresion-editorial\/","url":"https:\/\/imprentalo.mx\/impresion\/impresion-editorial\/","name":"Impresi\u00f3n de libros y revistas - Impr\u00e9ntalo.mx","isPartOf":{"@id":"https:\/\/imprentalo.mx\/impresion\/#website"},"primaryImageOfPage":{"@id":"https:\/\/imprentalo.mx\/impresion\/impresion-editorial\/#primaryimage"},"image":{"@id":"https:\/\/imprentalo.mx\/impresion\/impresion-editorial\/#primaryimage"},"thumbnailUrl":"https:\/\/imprentalo.mx\/impresion\/wp-content\/uploads\/2023\/06\/libros-jpg.webp","datePublished":"2023-05-30T20:41:20+00:00","dateModified":"2023-12-14T19:37:39+00:00","description":"Desde un ejemplar hasta un mill\u00f3n, podemos ayudarte a imprimir tu libro,revista o cualquier otra cosa que necesites.","breadcrumb":{"@id":"https:\/\/imprentalo.mx\/impresion\/impresion-editorial\/#breadcrumb"},"inLanguage":"es","potentialAction":[{"@type":"ReadAction","target":["https:\/\/imprentalo.mx\/impresion\/impresion-editorial\/"]}]},{"@type":"ImageObject","inLanguage":"es","@id":"https:\/\/imprentalo.mx\/impresion\/impresion-editorial\/#primaryimage","url":"https:\/\/imprentalo.mx\/impresion\/wp-content\/uploads\/2023\/06\/libros-jpg.webp","contentUrl":"https:\/\/imprentalo.mx\/impresion\/wp-content\/uploads\/2023\/06\/libros-jpg.webp","width":1920,"height":751,"caption":"Old man hands holding a green young plant. Symbol of spring and ecology concept"},{"@type":"BreadcrumbList","@id":"https:\/\/imprentalo.mx\/impresion\/impresion-editorial\/#breadcrumb","itemListElement":[{"@type":"ListItem","position":1,"name":"Home","item":"https:\/\/imprentalo.mx\/impresion\/"},{"@type":"ListItem","position":2,"name":"Impresi\u00f3n de libros y revistas"}]},{"@type":"WebSite","@id":"https:\/\/imprentalo.mx\/impresion\/#website","url":"https:\/\/imprentalo.mx\/impresion\/","name":"Imprentalo","description":"Servicios de Impresi&oacute;n a tu medida","publisher":{"@id":"https:\/\/imprentalo.mx\/impresion\/#organization"},"inLanguage":"es"},{"@type":"Organization","@id":"https:\/\/imprentalo.mx\/impresion\/#organization","name":"Impr\u00e9ntalo","url":"https:\/\/imprentalo.mx\/impresion\/","logo":{"@type":"ImageObject","inLanguage":"es","@id":"https:\/\/imprentalo.mx\/impresion\/#\/schema\/logo\/image\/","url":"https:\/\/imprentalo.mx\/impresion\/wp-content\/uploads\/2021\/10\/cropped-IMPRENTALO-negro-2.png","contentUrl":"https:\/\/imprentalo.mx\/impresion\/wp-content\/uploads\/2021\/10\/cropped-IMPRENTALO-negro-2.png","width":903,"height":305,"caption":"Impr\u00e9ntalo"},"image":{"@id":"https:\/\/imprentalo.mx\/impresion\/#\/schema\/logo\/image\/"}}]}},"_links":{"self":[{"href":"https:\/\/imprentalo.mx\/impresion\/wp-json\/wp\/v2\/pages\/1860","targetHints":{"allow":["GET"]}}],"collection":[{"href":"https:\/\/imprentalo.mx\/impresion\/wp-json\/wp\/v2\/pages"}],"about":[{"href":"https:\/\/imprentalo.mx\/impresion\/wp-json\/wp\/v2\/types\/page"}],"author":[{"embeddable":true,"href":"https:\/\/imprentalo.mx\/impresion\/wp-json\/wp\/v2\/users\/1"}],"replies":[{"embeddable":true,"href":"https:\/\/imprentalo.mx\/impresion\/wp-json\/wp\/v2\/comments?post=1860"}],"version-history":[{"count":0,"href":"https:\/\/imprentalo.mx\/impresion\/wp-json\/wp\/v2\/pages\/1860\/revisions"}],"wp:featuredmedia":[{"embeddable":true,"href":"https:\/\/imprentalo.mx\/impresion\/wp-json\/wp\/v2\/media\/2624"}],"wp:attachment":[{"href":"https:\/\/imprentalo.mx\/impresion\/wp-json\/wp\/v2\/media?parent=1860"}],"curies":[{"name":"wp","href":"https:\/\/api.w.org\/{rel}","templated":true}]}}