{"id":1868,"date":"2023-05-30T14:42:34","date_gmt":"2023-05-30T20:42:34","guid":{"rendered":"https:\/\/imprentalo.mx\/impresion\/?page_id=1868"},"modified":"2023-10-04T17:14:02","modified_gmt":"2023-10-04T23:14:02","slug":"ingenieria-de-empaque","status":"publish","type":"page","link":"https:\/\/imprentalo.mx\/impresion\/ingenieria-de-empaque\/","title":{"rendered":"Ingenier\u00eda de empaque"},"content":{"rendered":"\t\t<div data-elementor-type=\"wp-page\" data-elementor-id=\"1868\" class=\"elementor elementor-1868\" data-elementor-post-type=\"page\">\n\t\t\t\t<div class=\"elementor-element elementor-element-dd0d24a e-con-full e-flex e-con e-parent\" data-id=\"dd0d24a\" data-element_type=\"container\">\n\t\t<div class=\"elementor-element elementor-element-6832e76 e-con-full animated-fast e-flex elementor-invisible e-con e-child\" data-id=\"6832e76\" data-element_type=\"container\" data-settings=\"{&quot;background_background&quot;:&quot;gradient&quot;,&quot;animation_delay&quot;:0,&quot;animation&quot;:&quot;fadeIn&quot;}\">\n\t\t<div class=\"elementor-element elementor-element-039eea8 e-con-full e-flex e-con e-child\" data-id=\"039eea8\" data-element_type=\"container\">\n\t\t\t\t<div class=\"elementor-element elementor-element-0e0b2ec shadow-test elementor-widget__width-inherit elementor-align-center elementor-widget elementor-widget-lottie\" data-id=\"0e0b2ec\" data-element_type=\"widget\" data-settings=\"{&quot;source_json&quot;:{&quot;url&quot;:&quot;https:\\\/\\\/imprentalo.mx\\\/impresion\\\/wp-content\\\/uploads\\\/2023\\\/05\\\/empaque-title.json&quot;,&quot;id&quot;:1828,&quot;size&quot;:&quot;&quot;,&quot;alt&quot;:&quot;&quot;,&quot;source&quot;:&quot;library&quot;},&quot;start_point&quot;:{&quot;unit&quot;:&quot;%&quot;,&quot;size&quot;:0,&quot;sizes&quot;:[]},&quot;play_speed&quot;:{&quot;unit&quot;:&quot;px&quot;,&quot;size&quot;:1.600000000000000088817841970012523233890533447265625,&quot;sizes&quot;:[]},&quot;trigger&quot;:&quot;none&quot;,&quot;source&quot;:&quot;media_file&quot;,&quot;caption_source&quot;:&quot;none&quot;,&quot;link_to&quot;:&quot;none&quot;,&quot;end_point&quot;:{&quot;unit&quot;:&quot;%&quot;,&quot;size&quot;:100,&quot;sizes&quot;:[]},&quot;renderer&quot;:&quot;svg&quot;}\" data-widget_type=\"lottie.default\">\n\t\t\t\t<div class=\"elementor-widget-container\">\n\t\t\t\t\t<div class=\"e-lottie__container\"><div class=\"e-lottie__animation\"><\/div><\/div>\t\t\t\t<\/div>\n\t\t\t\t<\/div>\n\t\t\t\t<\/div>\n\t\t\t\t<div class=\"elementor-element elementor-element-f31da7f about-animated elementor-headline--style-highlight elementor-widget elementor-widget-animated-headline\" data-id=\"f31da7f\" data-element_type=\"widget\" data-settings=\"{&quot;marker&quot;:&quot;underline&quot;,&quot;highlighted_text&quot;:&quot;funcionales y creativas.&quot;,&quot;highlight_animation_duration&quot;:1000,&quot;highlight_iteration_delay&quot;:5000,&quot;headline_style&quot;:&quot;highlight&quot;,&quot;loop&quot;:&quot;yes&quot;}\" data-widget_type=\"animated-headline.default\">\n\t\t\t\t<div class=\"elementor-widget-container\">\n\t\t\t\t\t\t\t<h3 class=\"elementor-headline\">\n\t\t\t\t\t<span class=\"elementor-headline-plain-text elementor-headline-text-wrapper\">Soluciones<\/span>\n\t\t\t\t<span class=\"elementor-headline-dynamic-wrapper elementor-headline-text-wrapper\">\n\t\t\t\t\t<span class=\"elementor-headline-dynamic-text elementor-headline-text-active\">funcionales y creativas.<\/span>\n\t\t\t\t<\/span>\n\t\t\t\t<\/h3>\n\t\t\t\t\t\t<\/div>\n\t\t\t\t<\/div>\n\t\t\t\t<div class=\"elementor-element elementor-element-bdfe508 elementor-widget__width-initial elementor-widget elementor-widget-text-editor\" data-id=\"bdfe508\" data-element_type=\"widget\" data-widget_type=\"text-editor.default\">\n\t\t\t\t<div class=\"elementor-widget-container\">\n\t\t\t\t\t\t\t\t\t<p>Nuestra experiencia en el dise\u00f1o y desarrollo de soluciones de empaque es impresionante. Con un enfoque centrado en la innovaci\u00f3n, somos capaces de crear dise\u00f1os funcionales y atractivos que cumplen con las necesidades espec\u00edficas de nuestros clientes.<\/p><p>Nuestra habilidad para combinar la est\u00e9tica con la funcionalidad en cada proyecto es admirable. Adem\u00e1s, la capacidad para utilizar tecnolog\u00edas de vanguardia y materiales de alta calidad garantiza resultados de primera clase. Los clientes conf\u00edan en nuestros servicios de ingenier\u00eda y creaci\u00f3n de empaques para realzar la presentaci\u00f3n y protecci\u00f3n de sus productos.<\/p>\t\t\t\t\t\t\t\t<\/div>\n\t\t\t\t<\/div>\n\t\t\t\t<\/div>\n\t\t<div class=\"elementor-element elementor-element-21cf90d e-con-full e-flex e-con e-child\" data-id=\"21cf90d\" data-element_type=\"container\" data-settings=\"{&quot;background_background&quot;:&quot;gradient&quot;}\">\n\t\t\t\t<div class=\"elementor-element elementor-element-ac326c3 elementor-widget elementor-widget-heading\" data-id=\"ac326c3\" data-element_type=\"widget\" data-widget_type=\"heading.default\">\n\t\t\t\t<div class=\"elementor-widget-container\">\n\t\t\t\t\t<h2 class=\"elementor-heading-title elementor-size-default\">Funci\u00f3n y forma<\/h2>\t\t\t\t<\/div>\n\t\t\t\t<\/div>\n\t\t\t\t<div class=\"elementor-element elementor-element-d38e5d1 elementor-widget elementor-widget-image\" data-id=\"d38e5d1\" data-element_type=\"widget\" data-widget_type=\"image.default\">\n\t\t\t\t<div class=\"elementor-widget-container\">\n\t\t\t\t\t\t\t\t\t\t\t\t\t\t\t<img fetchpriority=\"high\" decoding=\"async\" width=\"800\" height=\"534\" src=\"https:\/\/imprentalo.mx\/impresion\/wp-content\/uploads\/2022\/01\/Cajas-Exhibidores-1024x683.png\" class=\"attachment-large size-large wp-image-296\" alt=\"ingenier\u00eda y fabricaci\u00f3n de empaque\" srcset=\"https:\/\/imprentalo.mx\/impresion\/wp-content\/uploads\/2022\/01\/Cajas-Exhibidores-1024x683.png 1024w, https:\/\/imprentalo.mx\/impresion\/wp-content\/uploads\/2022\/01\/Cajas-Exhibidores-600x400.png 600w, https:\/\/imprentalo.mx\/impresion\/wp-content\/uploads\/2022\/01\/Cajas-Exhibidores-300x200.png 300w, https:\/\/imprentalo.mx\/impresion\/wp-content\/uploads\/2022\/01\/Cajas-Exhibidores-768x512.png 768w, https:\/\/imprentalo.mx\/impresion\/wp-content\/uploads\/2022\/01\/Cajas-Exhibidores-1536x1024.png 1536w, https:\/\/imprentalo.mx\/impresion\/wp-content\/uploads\/2022\/01\/Cajas-Exhibidores-2048x1366.png 2048w\" sizes=\"(max-width: 800px) 100vw, 800px\" \/>\t\t\t\t\t\t\t\t\t\t\t\t\t\t\t<\/div>\n\t\t\t\t<\/div>\n\t\t\t\t<div class=\"elementor-element elementor-element-41d9439 elementor-widget elementor-widget-text-editor\" data-id=\"41d9439\" data-element_type=\"widget\" data-widget_type=\"text-editor.default\">\n\t\t\t\t<div class=\"elementor-widget-container\">\n\t\t\t\t\t\t\t\t\t<p>En Impr\u00e9ntalo sabemos que todo proyecto es igual a un reto y poseer el dominio de las t\u00e9cnicas del dise\u00f1o estructural y los conocimientos necesarios sobre las tolerancias de peso de los papeles o sustratos a imprimir, la fijaci\u00f3n de las tintas sobre estos materiales y la transportaci\u00f3n de los mismos y el almacenaje, no son cosa sencilla, en muchos lugares podr\u00e1n \u00abtratar\u00bb de desarrollar tu proyecto lo mejor posible pero en Impr\u00e9ntalo sabemos que esto no es suficiente, pues a medida que nuestros clientes van confiando en nuestra capacidad, vamos teniendo mayores retos en este campo.<\/p>\t\t\t\t\t\t\t\t<\/div>\n\t\t\t\t<\/div>\n\t\t\t\t<div class=\"elementor-element elementor-element-7c18312 elementor-align-center elementor-widget elementor-widget-button\" data-id=\"7c18312\" data-element_type=\"widget\" data-widget_type=\"button.default\">\n\t\t\t\t<div class=\"elementor-widget-container\">\n\t\t\t\t\t\t\t\t\t<div class=\"elementor-button-wrapper\">\n\t\t\t\t\t<a class=\"elementor-button elementor-button-link elementor-size-sm\" href=\"https:\/\/api.whatsapp.com\/message\/WK7OTJS2DYVOH1\" target=\"_blank\">\n\t\t\t\t\t\t<span class=\"elementor-button-content-wrapper\">\n\t\t\t\t\t\t\t\t\t<span class=\"elementor-button-text\">Env\u00eda un mensaje por WhatsApp<\/span>\n\t\t\t\t\t<\/span>\n\t\t\t\t\t<\/a>\n\t\t\t\t<\/div>\n\t\t\t\t\t\t\t\t<\/div>\n\t\t\t\t<\/div>\n\t\t\t\t<\/div>\n\t\t\t\t<\/div>\n\t\t\t\t<\/div>\n\t\t","protected":false},"excerpt":{"rendered":"<p>Conoce nuestro servicio de creaci\u00f3n de empaque con el que podemos ayudarte a producir un empaque unico para tu producto.<\/p>\n","protected":false},"author":1,"featured_media":297,"parent":0,"menu_order":0,"comment_status":"closed","ping_status":"closed","template":"elementor_header_footer","meta":{"footnotes":""},"class_list":["post-1868","page","type-page","status-publish","has-post-thumbnail","hentry"],"yoast_head":"<!-- This site is optimized with the Yoast SEO plugin v26.4 - https:\/\/yoast.com\/wordpress\/plugins\/seo\/ -->\n<title>Soluciones funcionales y creativas - Ingenier\u00eda de empaque - Impr\u00e9ntalo.mx<\/title>\n<meta name=\"description\" content=\"Conoce nuestro servicio de creaci\u00f3n de empaque con el que podemos ayudarte a producir un empaque unico para tu producto.\" \/>\n<meta name=\"robots\" content=\"index, follow, max-snippet:-1, max-image-preview:large, max-video-preview:-1\" \/>\n<link rel=\"canonical\" href=\"https:\/\/imprentalo.mx\/impresion\/ingenieria-de-empaque\/\" \/>\n<meta property=\"og:locale\" content=\"es_ES\" \/>\n<meta property=\"og:type\" content=\"article\" \/>\n<meta property=\"og:title\" content=\"Soluciones funcionales y creativas - Ingenier\u00eda de empaque - Impr\u00e9ntalo.mx\" \/>\n<meta property=\"og:description\" content=\"Conoce nuestro servicio de creaci\u00f3n de empaque con el que podemos ayudarte a producir un empaque unico para tu producto.\" \/>\n<meta property=\"og:url\" content=\"https:\/\/imprentalo.mx\/impresion\/ingenieria-de-empaque\/\" \/>\n<meta property=\"og:site_name\" content=\"Imprentalo.mx\" \/>\n<meta property=\"article:modified_time\" content=\"2023-10-04T23:14:02+00:00\" \/>\n<meta property=\"og:image\" content=\"https:\/\/imprentalo.mx\/impresion\/wp-content\/uploads\/2022\/01\/Empaque-Plegadizo-1024x682.png\" \/>\n\t<meta property=\"og:image:width\" content=\"1024\" \/>\n\t<meta property=\"og:image:height\" content=\"682\" \/>\n\t<meta property=\"og:image:type\" content=\"image\/png\" \/>\n<meta name=\"twitter:card\" content=\"summary_large_image\" \/>\n<script type=\"application\/ld+json\" class=\"yoast-schema-graph\">{\"@context\":\"https:\/\/schema.org\",\"@graph\":[{\"@type\":\"WebPage\",\"@id\":\"https:\/\/imprentalo.mx\/impresion\/ingenieria-de-empaque\/\",\"url\":\"https:\/\/imprentalo.mx\/impresion\/ingenieria-de-empaque\/\",\"name\":\"Soluciones funcionales y creativas - Ingenier\u00eda de empaque - Impr\u00e9ntalo.mx\",\"isPartOf\":{\"@id\":\"https:\/\/imprentalo.mx\/impresion\/#website\"},\"primaryImageOfPage\":{\"@id\":\"https:\/\/imprentalo.mx\/impresion\/ingenieria-de-empaque\/#primaryimage\"},\"image\":{\"@id\":\"https:\/\/imprentalo.mx\/impresion\/ingenieria-de-empaque\/#primaryimage\"},\"thumbnailUrl\":\"https:\/\/imprentalo.mx\/impresion\/wp-content\/uploads\/2022\/01\/Empaque-Plegadizo.png\",\"datePublished\":\"2023-05-30T20:42:34+00:00\",\"dateModified\":\"2023-10-04T23:14:02+00:00\",\"description\":\"Conoce nuestro servicio de creaci\u00f3n de empaque con el que podemos ayudarte a producir un empaque unico para tu producto.\",\"breadcrumb\":{\"@id\":\"https:\/\/imprentalo.mx\/impresion\/ingenieria-de-empaque\/#breadcrumb\"},\"inLanguage\":\"es\",\"potentialAction\":[{\"@type\":\"ReadAction\",\"target\":[\"https:\/\/imprentalo.mx\/impresion\/ingenieria-de-empaque\/\"]}]},{\"@type\":\"ImageObject\",\"inLanguage\":\"es\",\"@id\":\"https:\/\/imprentalo.mx\/impresion\/ingenieria-de-empaque\/#primaryimage\",\"url\":\"https:\/\/imprentalo.mx\/impresion\/wp-content\/uploads\/2022\/01\/Empaque-Plegadizo.png\",\"contentUrl\":\"https:\/\/imprentalo.mx\/impresion\/wp-content\/uploads\/2022\/01\/Empaque-Plegadizo.png\",\"width\":2481,\"height\":1653,\"caption\":\"ingenier\u00eda e impresi\u00f3n de empaque plegadizo\"},{\"@type\":\"BreadcrumbList\",\"@id\":\"https:\/\/imprentalo.mx\/impresion\/ingenieria-de-empaque\/#breadcrumb\",\"itemListElement\":[{\"@type\":\"ListItem\",\"position\":1,\"name\":\"Home\",\"item\":\"https:\/\/imprentalo.mx\/impresion\/\"},{\"@type\":\"ListItem\",\"position\":2,\"name\":\"Ingenier\u00eda de empaque\"}]},{\"@type\":\"WebSite\",\"@id\":\"https:\/\/imprentalo.mx\/impresion\/#website\",\"url\":\"https:\/\/imprentalo.mx\/impresion\/\",\"name\":\"Imprentalo\",\"description\":\"Servicios de Impresi&oacute;n a tu medida\",\"publisher\":{\"@id\":\"https:\/\/imprentalo.mx\/impresion\/#organization\"},\"inLanguage\":\"es\"},{\"@type\":\"Organization\",\"@id\":\"https:\/\/imprentalo.mx\/impresion\/#organization\",\"name\":\"Impr\u00e9ntalo\",\"url\":\"https:\/\/imprentalo.mx\/impresion\/\",\"logo\":{\"@type\":\"ImageObject\",\"inLanguage\":\"es\",\"@id\":\"https:\/\/imprentalo.mx\/impresion\/#\/schema\/logo\/image\/\",\"url\":\"https:\/\/imprentalo.mx\/impresion\/wp-content\/uploads\/2021\/10\/cropped-IMPRENTALO-negro-2.png\",\"contentUrl\":\"https:\/\/imprentalo.mx\/impresion\/wp-content\/uploads\/2021\/10\/cropped-IMPRENTALO-negro-2.png\",\"width\":903,\"height\":305,\"caption\":\"Impr\u00e9ntalo\"},\"image\":{\"@id\":\"https:\/\/imprentalo.mx\/impresion\/#\/schema\/logo\/image\/\"}}]}<\/script>\n<!-- \/ Yoast SEO plugin. -->","yoast_head_json":{"title":"Soluciones funcionales y creativas - Ingenier\u00eda de empaque - Impr\u00e9ntalo.mx","description":"Conoce nuestro servicio de creaci\u00f3n de empaque con el que podemos ayudarte a producir un empaque unico para tu producto.","robots":{"index":"index","follow":"follow","max-snippet":"max-snippet:-1","max-image-preview":"max-image-preview:large","max-video-preview":"max-video-preview:-1"},"canonical":"https:\/\/imprentalo.mx\/impresion\/ingenieria-de-empaque\/","og_locale":"es_ES","og_type":"article","og_title":"Soluciones funcionales y creativas - Ingenier\u00eda de empaque - Impr\u00e9ntalo.mx","og_description":"Conoce nuestro servicio de creaci\u00f3n de empaque con el que podemos ayudarte a producir un empaque unico para tu producto.","og_url":"https:\/\/imprentalo.mx\/impresion\/ingenieria-de-empaque\/","og_site_name":"Imprentalo.mx","article_modified_time":"2023-10-04T23:14:02+00:00","og_image":[{"width":1024,"height":682,"url":"https:\/\/imprentalo.mx\/impresion\/wp-content\/uploads\/2022\/01\/Empaque-Plegadizo-1024x682.png","type":"image\/png"}],"twitter_card":"summary_large_image","schema":{"@context":"https:\/\/schema.org","@graph":[{"@type":"WebPage","@id":"https:\/\/imprentalo.mx\/impresion\/ingenieria-de-empaque\/","url":"https:\/\/imprentalo.mx\/impresion\/ingenieria-de-empaque\/","name":"Soluciones funcionales y creativas - Ingenier\u00eda de empaque - Impr\u00e9ntalo.mx","isPartOf":{"@id":"https:\/\/imprentalo.mx\/impresion\/#website"},"primaryImageOfPage":{"@id":"https:\/\/imprentalo.mx\/impresion\/ingenieria-de-empaque\/#primaryimage"},"image":{"@id":"https:\/\/imprentalo.mx\/impresion\/ingenieria-de-empaque\/#primaryimage"},"thumbnailUrl":"https:\/\/imprentalo.mx\/impresion\/wp-content\/uploads\/2022\/01\/Empaque-Plegadizo.png","datePublished":"2023-05-30T20:42:34+00:00","dateModified":"2023-10-04T23:14:02+00:00","description":"Conoce nuestro servicio de creaci\u00f3n de empaque con el que podemos ayudarte a producir un empaque unico para tu producto.","breadcrumb":{"@id":"https:\/\/imprentalo.mx\/impresion\/ingenieria-de-empaque\/#breadcrumb"},"inLanguage":"es","potentialAction":[{"@type":"ReadAction","target":["https:\/\/imprentalo.mx\/impresion\/ingenieria-de-empaque\/"]}]},{"@type":"ImageObject","inLanguage":"es","@id":"https:\/\/imprentalo.mx\/impresion\/ingenieria-de-empaque\/#primaryimage","url":"https:\/\/imprentalo.mx\/impresion\/wp-content\/uploads\/2022\/01\/Empaque-Plegadizo.png","contentUrl":"https:\/\/imprentalo.mx\/impresion\/wp-content\/uploads\/2022\/01\/Empaque-Plegadizo.png","width":2481,"height":1653,"caption":"ingenier\u00eda e impresi\u00f3n de empaque plegadizo"},{"@type":"BreadcrumbList","@id":"https:\/\/imprentalo.mx\/impresion\/ingenieria-de-empaque\/#breadcrumb","itemListElement":[{"@type":"ListItem","position":1,"name":"Home","item":"https:\/\/imprentalo.mx\/impresion\/"},{"@type":"ListItem","position":2,"name":"Ingenier\u00eda de empaque"}]},{"@type":"WebSite","@id":"https:\/\/imprentalo.mx\/impresion\/#website","url":"https:\/\/imprentalo.mx\/impresion\/","name":"Imprentalo","description":"Servicios de Impresi&oacute;n a tu medida","publisher":{"@id":"https:\/\/imprentalo.mx\/impresion\/#organization"},"inLanguage":"es"},{"@type":"Organization","@id":"https:\/\/imprentalo.mx\/impresion\/#organization","name":"Impr\u00e9ntalo","url":"https:\/\/imprentalo.mx\/impresion\/","logo":{"@type":"ImageObject","inLanguage":"es","@id":"https:\/\/imprentalo.mx\/impresion\/#\/schema\/logo\/image\/","url":"https:\/\/imprentalo.mx\/impresion\/wp-content\/uploads\/2021\/10\/cropped-IMPRENTALO-negro-2.png","contentUrl":"https:\/\/imprentalo.mx\/impresion\/wp-content\/uploads\/2021\/10\/cropped-IMPRENTALO-negro-2.png","width":903,"height":305,"caption":"Impr\u00e9ntalo"},"image":{"@id":"https:\/\/imprentalo.mx\/impresion\/#\/schema\/logo\/image\/"}}]}},"_links":{"self":[{"href":"https:\/\/imprentalo.mx\/impresion\/wp-json\/wp\/v2\/pages\/1868","targetHints":{"allow":["GET"]}}],"collection":[{"href":"https:\/\/imprentalo.mx\/impresion\/wp-json\/wp\/v2\/pages"}],"about":[{"href":"https:\/\/imprentalo.mx\/impresion\/wp-json\/wp\/v2\/types\/page"}],"author":[{"embeddable":true,"href":"https:\/\/imprentalo.mx\/impresion\/wp-json\/wp\/v2\/users\/1"}],"replies":[{"embeddable":true,"href":"https:\/\/imprentalo.mx\/impresion\/wp-json\/wp\/v2\/comments?post=1868"}],"version-history":[{"count":0,"href":"https:\/\/imprentalo.mx\/impresion\/wp-json\/wp\/v2\/pages\/1868\/revisions"}],"wp:featuredmedia":[{"embeddable":true,"href":"https:\/\/imprentalo.mx\/impresion\/wp-json\/wp\/v2\/media\/297"}],"wp:attachment":[{"href":"https:\/\/imprentalo.mx\/impresion\/wp-json\/wp\/v2\/media?parent=1868"}],"curies":[{"name":"wp","href":"https:\/\/api.w.org\/{rel}","templated":true}]}}