{"id":1878,"date":"2023-05-30T14:44:14","date_gmt":"2023-05-30T20:44:14","guid":{"rendered":"https:\/\/imprentalo.mx\/impresion\/?page_id=1878"},"modified":"2023-10-04T17:14:07","modified_gmt":"2023-10-04T23:14:07","slug":"museografia","status":"publish","type":"page","link":"https:\/\/imprentalo.mx\/impresion\/museografia\/","title":{"rendered":"Museograf\u00eda"},"content":{"rendered":"\t\t<div data-elementor-type=\"wp-page\" data-elementor-id=\"1878\" class=\"elementor elementor-1878\" data-elementor-post-type=\"page\">\n\t\t\t\t<div class=\"elementor-element elementor-element-530d886 e-con-full e-flex e-con e-parent\" data-id=\"530d886\" data-element_type=\"container\">\n\t\t<div class=\"elementor-element elementor-element-65ab7af e-con-full animated-fast e-flex elementor-invisible e-con e-child\" data-id=\"65ab7af\" data-element_type=\"container\" data-settings=\"{&quot;background_background&quot;:&quot;gradient&quot;,&quot;animation_delay&quot;:0,&quot;animation&quot;:&quot;fadeIn&quot;}\">\n\t\t<div class=\"elementor-element elementor-element-8203678 e-con-full e-flex e-con e-child\" data-id=\"8203678\" data-element_type=\"container\">\n\t\t\t\t<div class=\"elementor-element elementor-element-7d67bb3 shadow-test elementor-widget__width-inherit elementor-align-center elementor-widget elementor-widget-lottie\" data-id=\"7d67bb3\" data-element_type=\"widget\" data-settings=\"{&quot;source_json&quot;:{&quot;url&quot;:&quot;https:\\\/\\\/imprentalo.mx\\\/impresion\\\/wp-content\\\/uploads\\\/2023\\\/05\\\/museografia-title.json&quot;,&quot;id&quot;:1832,&quot;size&quot;:&quot;&quot;,&quot;alt&quot;:&quot;&quot;,&quot;source&quot;:&quot;library&quot;},&quot;start_point&quot;:{&quot;unit&quot;:&quot;%&quot;,&quot;size&quot;:0,&quot;sizes&quot;:[]},&quot;play_speed&quot;:{&quot;unit&quot;:&quot;px&quot;,&quot;size&quot;:1.600000000000000088817841970012523233890533447265625,&quot;sizes&quot;:[]},&quot;trigger&quot;:&quot;none&quot;,&quot;source&quot;:&quot;media_file&quot;,&quot;caption_source&quot;:&quot;none&quot;,&quot;link_to&quot;:&quot;none&quot;,&quot;end_point&quot;:{&quot;unit&quot;:&quot;%&quot;,&quot;size&quot;:100,&quot;sizes&quot;:[]},&quot;renderer&quot;:&quot;svg&quot;}\" data-widget_type=\"lottie.default\">\n\t\t\t\t<div class=\"elementor-widget-container\">\n\t\t\t\t\t<div class=\"e-lottie__container\"><div class=\"e-lottie__animation\"><\/div><\/div>\t\t\t\t<\/div>\n\t\t\t\t<\/div>\n\t\t\t\t<\/div>\n\t\t\t\t<div class=\"elementor-element elementor-element-27efffb about-animated elementor-headline--style-highlight elementor-widget elementor-widget-animated-headline\" data-id=\"27efffb\" data-element_type=\"widget\" data-settings=\"{&quot;marker&quot;:&quot;underline&quot;,&quot;highlighted_text&quot;:&quot;tem\\u00e1tica y narrativa.&quot;,&quot;highlight_animation_duration&quot;:1000,&quot;highlight_iteration_delay&quot;:5000,&quot;headline_style&quot;:&quot;highlight&quot;,&quot;loop&quot;:&quot;yes&quot;}\" data-widget_type=\"animated-headline.default\">\n\t\t\t\t<div class=\"elementor-widget-container\">\n\t\t\t\t\t\t\t<h3 class=\"elementor-headline\">\n\t\t\t\t\t<span class=\"elementor-headline-plain-text elementor-headline-text-wrapper\">Espacios con <\/span>\n\t\t\t\t<span class=\"elementor-headline-dynamic-wrapper elementor-headline-text-wrapper\">\n\t\t\t\t\t<span class=\"elementor-headline-dynamic-text elementor-headline-text-active\">tem\u00e1tica y narrativa.<\/span>\n\t\t\t\t<\/span>\n\t\t\t\t<\/h3>\n\t\t\t\t\t\t<\/div>\n\t\t\t\t<\/div>\n\t\t\t\t<div class=\"elementor-element elementor-element-e6cc6d7 elementor-widget__width-initial elementor-widget elementor-widget-text-editor\" data-id=\"e6cc6d7\" data-element_type=\"widget\" data-widget_type=\"text-editor.default\">\n\t\t\t\t<div class=\"elementor-widget-container\">\n\t\t\t\t\t\t\t\t\t<p>Nuestra capacidad para transformar espacios en experiencias inmersivas y educativas es impresionante. Cada proyecto que llevamos a cabo muestra un profundo conocimiento y respeto por el arte, la historia y la narrativa. Nuestra habilidad para combinar elementos visuales, interactivos y audiovisuales en una narrativa coherente es admirable.<\/p><p>Adem\u00e1s, nuestra atenci\u00f3n al detalle y la meticulosa planificaci\u00f3n en cada etapa del proceso garantizan resultados de alta calidad. Los visitantes se ven cautivados por las exposiciones y los espacios que hemos creado, lo que genera un impacto duradero en su experiencia. Nuestra experiencia en museograf\u00eda es reconocida y la capacidad para adaptaros a diferentes tem\u00e1ticas y estilos es notable.<\/p>\t\t\t\t\t\t\t\t<\/div>\n\t\t\t\t<\/div>\n\t\t\t\t<\/div>\n\t\t<div class=\"elementor-element elementor-element-146dbfa e-con-full e-flex e-con e-child\" data-id=\"146dbfa\" data-element_type=\"container\" data-settings=\"{&quot;background_background&quot;:&quot;gradient&quot;}\">\n\t\t\t\t<div class=\"elementor-element elementor-element-8de1b4f elementor-widget elementor-widget-heading\" data-id=\"8de1b4f\" data-element_type=\"widget\" data-widget_type=\"heading.default\">\n\t\t\t\t<div class=\"elementor-widget-container\">\n\t\t\t\t\t<h2 class=\"elementor-heading-title elementor-size-default\">\u00bfEn qu\u00e9 consiste la museograf\u00eda?<\/h2>\t\t\t\t<\/div>\n\t\t\t\t<\/div>\n\t\t\t\t<div class=\"elementor-element elementor-element-7d81c1f elementor-widget elementor-widget-image\" data-id=\"7d81c1f\" data-element_type=\"widget\" data-widget_type=\"image.default\">\n\t\t\t\t<div class=\"elementor-widget-container\">\n\t\t\t\t\t\t\t\t\t\t\t\t\t\t\t<img fetchpriority=\"high\" decoding=\"async\" width=\"800\" height=\"516\" src=\"https:\/\/imprentalo.mx\/impresion\/wp-content\/uploads\/2023\/06\/impresion_museografia_benito_juarez.webp\" class=\"attachment-large size-large wp-image-2611 not-transparent\" alt=\"Producci\u00f3n e instalaci\u00f3n de museograf\u00eda\" srcset=\"https:\/\/imprentalo.mx\/impresion\/wp-content\/uploads\/2023\/06\/impresion_museografia_benito_juarez.webp 930w, https:\/\/imprentalo.mx\/impresion\/wp-content\/uploads\/2023\/06\/impresion_museografia_benito_juarez-300x194.webp 300w, https:\/\/imprentalo.mx\/impresion\/wp-content\/uploads\/2023\/06\/impresion_museografia_benito_juarez-768x495.webp 768w\" sizes=\"(max-width: 800px) 100vw, 800px\" data-has-transparency=\"false\" data-dominant-color=\"887977\" style=\"--dominant-color: #887977\" \/>\t\t\t\t\t\t\t\t\t\t\t\t\t\t\t<\/div>\n\t\t\t\t<\/div>\n\t\t\t\t<div class=\"elementor-element elementor-element-7f2ccfc elementor-widget elementor-widget-text-editor\" data-id=\"7f2ccfc\" data-element_type=\"widget\" data-widget_type=\"text-editor.default\">\n\t\t\t\t<div class=\"elementor-widget-container\">\n\t\t\t\t\t\t\t\t\t<p>Es el conjunto de t\u00e9cnicas desarrolladas para realizar las funciones museales. Es decir, las acciones relacionadas al acondicionamiento del museo, la conservaci\u00f3n, la restauraci\u00f3n, la seguridad y la exposici\u00f3n. Por lo general, este concepto se usa m\u00e1s en el mundo franco-parlante, y algunas veces en pa\u00edses angloamericanos, que utilizan la expresi\u00f3n \u00abpr\u00e1ctica de museo\u00bb.<\/p><p>Otro de los t\u00e9rminos relacionados a la\u00a0<strong>museograf\u00eda<\/strong>\u00a0es la expograf\u00eda. Esta hace referencia a las t\u00e9cnicas asociadas con las exposiciones, tanto para situarlas en un museo o fuera de \u00e9l. Tambi\u00e9n, existe el concepto de programa museogr\u00e1fico que engloba la definici\u00f3n de los contenidos de la exposici\u00f3n, as\u00ed como el conjunto de v\u00ednculos funcionales entre los espacios de exposici\u00f3n y los restantes del museo.<\/p>\t\t\t\t\t\t\t\t<\/div>\n\t\t\t\t<\/div>\n\t\t\t\t<div class=\"elementor-element elementor-element-399972e elementor-align-center elementor-widget elementor-widget-button\" data-id=\"399972e\" data-element_type=\"widget\" data-widget_type=\"button.default\">\n\t\t\t\t<div class=\"elementor-widget-container\">\n\t\t\t\t\t\t\t\t\t<div class=\"elementor-button-wrapper\">\n\t\t\t\t\t<a class=\"elementor-button elementor-button-link elementor-size-sm\" href=\"http:\/\/wa.me\/525531626744\" target=\"_blank\">\n\t\t\t\t\t\t<span class=\"elementor-button-content-wrapper\">\n\t\t\t\t\t\t\t\t\t<span class=\"elementor-button-text\">Env\u00eda un mensaje por WhatsApp<\/span>\n\t\t\t\t\t<\/span>\n\t\t\t\t\t<\/a>\n\t\t\t\t<\/div>\n\t\t\t\t\t\t\t\t<\/div>\n\t\t\t\t<\/div>\n\t\t\t\t<div class=\"elementor-element elementor-element-9a673e5 elementor-widget elementor-widget-text-editor\" data-id=\"9a673e5\" data-element_type=\"widget\" data-widget_type=\"text-editor.default\">\n\t\t\t\t<div class=\"elementor-widget-container\">\n\t\t\t\t\t\t\t\t\t<p>o visita el sitio de <a href=\"https:\/\/akme.mx\">akme.mx<\/a><\/p>\t\t\t\t\t\t\t\t<\/div>\n\t\t\t\t<\/div>\n\t\t\t\t<\/div>\n\t\t\t\t<\/div>\n\t\t\t\t<\/div>\n\t\t","protected":false},"excerpt":{"rendered":"<p>Podemos crear espacios tem\u00e1ticos y con narrativa evidente. Conoce lo que podemos hacer y ofrecerte con exhibiciones a tu medida.<\/p>\n","protected":false},"author":1,"featured_media":2611,"parent":0,"menu_order":0,"comment_status":"closed","ping_status":"closed","template":"elementor_header_footer","meta":{"footnotes":""},"class_list":["post-1878","page","type-page","status-publish","has-post-thumbnail","hentry"],"yoast_head":"<!-- This site is optimized with the Yoast SEO plugin v26.4 - https:\/\/yoast.com\/wordpress\/plugins\/seo\/ -->\n<title>Producci\u00f3n e instalaci\u00f3n de museograf\u00eda - Impr\u00e9ntalo.mx<\/title>\n<meta name=\"description\" content=\"Podemos crear espacios tem\u00e1ticos y con narrativa evidente. Conoce lo que podemos hacer y ofrecerte con exhibiciones a tu medida.\" \/>\n<meta name=\"robots\" content=\"index, follow, max-snippet:-1, max-image-preview:large, max-video-preview:-1\" \/>\n<link rel=\"canonical\" href=\"https:\/\/imprentalo.mx\/impresion\/museografia\/\" \/>\n<meta property=\"og:locale\" content=\"es_ES\" \/>\n<meta property=\"og:type\" content=\"article\" \/>\n<meta property=\"og:title\" content=\"Producci\u00f3n e instalaci\u00f3n de museograf\u00eda - Impr\u00e9ntalo.mx\" \/>\n<meta property=\"og:description\" content=\"Podemos crear espacios tem\u00e1ticos y con narrativa evidente. Conoce lo que podemos hacer y ofrecerte con exhibiciones a tu medida.\" \/>\n<meta property=\"og:url\" content=\"https:\/\/imprentalo.mx\/impresion\/museografia\/\" \/>\n<meta property=\"og:site_name\" content=\"Imprentalo.mx\" \/>\n<meta property=\"article:modified_time\" content=\"2023-10-04T23:14:07+00:00\" \/>\n<meta property=\"og:image\" content=\"https:\/\/imprentalo.mx\/impresion\/wp-content\/uploads\/2023\/06\/impresion_museografia_benito_juarez.webp\" \/>\n\t<meta property=\"og:image:width\" content=\"930\" \/>\n\t<meta property=\"og:image:height\" content=\"600\" \/>\n\t<meta property=\"og:image:type\" content=\"image\/webp\" \/>\n<meta name=\"twitter:card\" content=\"summary_large_image\" \/>\n<script type=\"application\/ld+json\" class=\"yoast-schema-graph\">{\"@context\":\"https:\/\/schema.org\",\"@graph\":[{\"@type\":\"WebPage\",\"@id\":\"https:\/\/imprentalo.mx\/impresion\/museografia\/\",\"url\":\"https:\/\/imprentalo.mx\/impresion\/museografia\/\",\"name\":\"Producci\u00f3n e instalaci\u00f3n de museograf\u00eda - Impr\u00e9ntalo.mx\",\"isPartOf\":{\"@id\":\"https:\/\/imprentalo.mx\/impresion\/#website\"},\"primaryImageOfPage\":{\"@id\":\"https:\/\/imprentalo.mx\/impresion\/museografia\/#primaryimage\"},\"image\":{\"@id\":\"https:\/\/imprentalo.mx\/impresion\/museografia\/#primaryimage\"},\"thumbnailUrl\":\"https:\/\/imprentalo.mx\/impresion\/wp-content\/uploads\/2023\/06\/impresion_museografia_benito_juarez.webp\",\"datePublished\":\"2023-05-30T20:44:14+00:00\",\"dateModified\":\"2023-10-04T23:14:07+00:00\",\"description\":\"Podemos crear espacios tem\u00e1ticos y con narrativa evidente. Conoce lo que podemos hacer y ofrecerte con exhibiciones a tu medida.\",\"breadcrumb\":{\"@id\":\"https:\/\/imprentalo.mx\/impresion\/museografia\/#breadcrumb\"},\"inLanguage\":\"es\",\"potentialAction\":[{\"@type\":\"ReadAction\",\"target\":[\"https:\/\/imprentalo.mx\/impresion\/museografia\/\"]}]},{\"@type\":\"ImageObject\",\"inLanguage\":\"es\",\"@id\":\"https:\/\/imprentalo.mx\/impresion\/museografia\/#primaryimage\",\"url\":\"https:\/\/imprentalo.mx\/impresion\/wp-content\/uploads\/2023\/06\/impresion_museografia_benito_juarez.webp\",\"contentUrl\":\"https:\/\/imprentalo.mx\/impresion\/wp-content\/uploads\/2023\/06\/impresion_museografia_benito_juarez.webp\",\"width\":930,\"height\":600,\"caption\":\"Producci\u00f3n e instalaci\u00f3n de museograf\u00eda\"},{\"@type\":\"BreadcrumbList\",\"@id\":\"https:\/\/imprentalo.mx\/impresion\/museografia\/#breadcrumb\",\"itemListElement\":[{\"@type\":\"ListItem\",\"position\":1,\"name\":\"Home\",\"item\":\"https:\/\/imprentalo.mx\/impresion\/\"},{\"@type\":\"ListItem\",\"position\":2,\"name\":\"Museograf\u00eda\"}]},{\"@type\":\"WebSite\",\"@id\":\"https:\/\/imprentalo.mx\/impresion\/#website\",\"url\":\"https:\/\/imprentalo.mx\/impresion\/\",\"name\":\"Imprentalo\",\"description\":\"Servicios de Impresi&oacute;n a tu medida\",\"publisher\":{\"@id\":\"https:\/\/imprentalo.mx\/impresion\/#organization\"},\"inLanguage\":\"es\"},{\"@type\":\"Organization\",\"@id\":\"https:\/\/imprentalo.mx\/impresion\/#organization\",\"name\":\"Impr\u00e9ntalo\",\"url\":\"https:\/\/imprentalo.mx\/impresion\/\",\"logo\":{\"@type\":\"ImageObject\",\"inLanguage\":\"es\",\"@id\":\"https:\/\/imprentalo.mx\/impresion\/#\/schema\/logo\/image\/\",\"url\":\"https:\/\/imprentalo.mx\/impresion\/wp-content\/uploads\/2021\/10\/cropped-IMPRENTALO-negro-2.png\",\"contentUrl\":\"https:\/\/imprentalo.mx\/impresion\/wp-content\/uploads\/2021\/10\/cropped-IMPRENTALO-negro-2.png\",\"width\":903,\"height\":305,\"caption\":\"Impr\u00e9ntalo\"},\"image\":{\"@id\":\"https:\/\/imprentalo.mx\/impresion\/#\/schema\/logo\/image\/\"}}]}<\/script>\n<!-- \/ Yoast SEO plugin. -->","yoast_head_json":{"title":"Producci\u00f3n e instalaci\u00f3n de museograf\u00eda - Impr\u00e9ntalo.mx","description":"Podemos crear espacios tem\u00e1ticos y con narrativa evidente. Conoce lo que podemos hacer y ofrecerte con exhibiciones a tu medida.","robots":{"index":"index","follow":"follow","max-snippet":"max-snippet:-1","max-image-preview":"max-image-preview:large","max-video-preview":"max-video-preview:-1"},"canonical":"https:\/\/imprentalo.mx\/impresion\/museografia\/","og_locale":"es_ES","og_type":"article","og_title":"Producci\u00f3n e instalaci\u00f3n de museograf\u00eda - Impr\u00e9ntalo.mx","og_description":"Podemos crear espacios tem\u00e1ticos y con narrativa evidente. Conoce lo que podemos hacer y ofrecerte con exhibiciones a tu medida.","og_url":"https:\/\/imprentalo.mx\/impresion\/museografia\/","og_site_name":"Imprentalo.mx","article_modified_time":"2023-10-04T23:14:07+00:00","og_image":[{"width":930,"height":600,"url":"https:\/\/imprentalo.mx\/impresion\/wp-content\/uploads\/2023\/06\/impresion_museografia_benito_juarez.webp","type":"image\/webp"}],"twitter_card":"summary_large_image","schema":{"@context":"https:\/\/schema.org","@graph":[{"@type":"WebPage","@id":"https:\/\/imprentalo.mx\/impresion\/museografia\/","url":"https:\/\/imprentalo.mx\/impresion\/museografia\/","name":"Producci\u00f3n e instalaci\u00f3n de museograf\u00eda - Impr\u00e9ntalo.mx","isPartOf":{"@id":"https:\/\/imprentalo.mx\/impresion\/#website"},"primaryImageOfPage":{"@id":"https:\/\/imprentalo.mx\/impresion\/museografia\/#primaryimage"},"image":{"@id":"https:\/\/imprentalo.mx\/impresion\/museografia\/#primaryimage"},"thumbnailUrl":"https:\/\/imprentalo.mx\/impresion\/wp-content\/uploads\/2023\/06\/impresion_museografia_benito_juarez.webp","datePublished":"2023-05-30T20:44:14+00:00","dateModified":"2023-10-04T23:14:07+00:00","description":"Podemos crear espacios tem\u00e1ticos y con narrativa evidente. Conoce lo que podemos hacer y ofrecerte con exhibiciones a tu medida.","breadcrumb":{"@id":"https:\/\/imprentalo.mx\/impresion\/museografia\/#breadcrumb"},"inLanguage":"es","potentialAction":[{"@type":"ReadAction","target":["https:\/\/imprentalo.mx\/impresion\/museografia\/"]}]},{"@type":"ImageObject","inLanguage":"es","@id":"https:\/\/imprentalo.mx\/impresion\/museografia\/#primaryimage","url":"https:\/\/imprentalo.mx\/impresion\/wp-content\/uploads\/2023\/06\/impresion_museografia_benito_juarez.webp","contentUrl":"https:\/\/imprentalo.mx\/impresion\/wp-content\/uploads\/2023\/06\/impresion_museografia_benito_juarez.webp","width":930,"height":600,"caption":"Producci\u00f3n e instalaci\u00f3n de museograf\u00eda"},{"@type":"BreadcrumbList","@id":"https:\/\/imprentalo.mx\/impresion\/museografia\/#breadcrumb","itemListElement":[{"@type":"ListItem","position":1,"name":"Home","item":"https:\/\/imprentalo.mx\/impresion\/"},{"@type":"ListItem","position":2,"name":"Museograf\u00eda"}]},{"@type":"WebSite","@id":"https:\/\/imprentalo.mx\/impresion\/#website","url":"https:\/\/imprentalo.mx\/impresion\/","name":"Imprentalo","description":"Servicios de Impresi&oacute;n a tu medida","publisher":{"@id":"https:\/\/imprentalo.mx\/impresion\/#organization"},"inLanguage":"es"},{"@type":"Organization","@id":"https:\/\/imprentalo.mx\/impresion\/#organization","name":"Impr\u00e9ntalo","url":"https:\/\/imprentalo.mx\/impresion\/","logo":{"@type":"ImageObject","inLanguage":"es","@id":"https:\/\/imprentalo.mx\/impresion\/#\/schema\/logo\/image\/","url":"https:\/\/imprentalo.mx\/impresion\/wp-content\/uploads\/2021\/10\/cropped-IMPRENTALO-negro-2.png","contentUrl":"https:\/\/imprentalo.mx\/impresion\/wp-content\/uploads\/2021\/10\/cropped-IMPRENTALO-negro-2.png","width":903,"height":305,"caption":"Impr\u00e9ntalo"},"image":{"@id":"https:\/\/imprentalo.mx\/impresion\/#\/schema\/logo\/image\/"}}]}},"_links":{"self":[{"href":"https:\/\/imprentalo.mx\/impresion\/wp-json\/wp\/v2\/pages\/1878","targetHints":{"allow":["GET"]}}],"collection":[{"href":"https:\/\/imprentalo.mx\/impresion\/wp-json\/wp\/v2\/pages"}],"about":[{"href":"https:\/\/imprentalo.mx\/impresion\/wp-json\/wp\/v2\/types\/page"}],"author":[{"embeddable":true,"href":"https:\/\/imprentalo.mx\/impresion\/wp-json\/wp\/v2\/users\/1"}],"replies":[{"embeddable":true,"href":"https:\/\/imprentalo.mx\/impresion\/wp-json\/wp\/v2\/comments?post=1878"}],"version-history":[{"count":0,"href":"https:\/\/imprentalo.mx\/impresion\/wp-json\/wp\/v2\/pages\/1878\/revisions"}],"wp:featuredmedia":[{"embeddable":true,"href":"https:\/\/imprentalo.mx\/impresion\/wp-json\/wp\/v2\/media\/2611"}],"wp:attachment":[{"href":"https:\/\/imprentalo.mx\/impresion\/wp-json\/wp\/v2\/media?parent=1878"}],"curies":[{"name":"wp","href":"https:\/\/api.w.org\/{rel}","templated":true}]}}