{"id":1906,"date":"2023-05-30T15:00:04","date_gmt":"2023-05-30T21:00:04","guid":{"rendered":"https:\/\/imprentalo.mx\/impresion\/?page_id=1906"},"modified":"2023-10-04T17:13:21","modified_gmt":"2023-10-04T23:13:21","slug":"corte-cnc","status":"publish","type":"page","link":"https:\/\/imprentalo.mx\/impresion\/corte-cnc\/","title":{"rendered":"Corte CNC"},"content":{"rendered":"\t\t<div data-elementor-type=\"wp-page\" data-elementor-id=\"1906\" class=\"elementor elementor-1906\" data-elementor-post-type=\"page\">\n\t\t\t\t<div class=\"elementor-element elementor-element-853753b e-con-full e-flex e-con e-parent\" data-id=\"853753b\" data-element_type=\"container\">\n\t\t<div class=\"elementor-element elementor-element-9b1424f e-con-full animated-fast e-flex elementor-invisible e-con e-child\" data-id=\"9b1424f\" data-element_type=\"container\" data-settings=\"{&quot;background_background&quot;:&quot;gradient&quot;,&quot;animation_delay&quot;:0,&quot;animation&quot;:&quot;fadeIn&quot;}\">\n\t\t<div class=\"elementor-element elementor-element-b1c1750 e-con-full e-flex e-con e-child\" data-id=\"b1c1750\" data-element_type=\"container\">\n\t\t\t\t<div class=\"elementor-element elementor-element-6845368 shadow-test elementor-widget__width-inherit elementor-align-center elementor-widget elementor-widget-lottie\" data-id=\"6845368\" data-element_type=\"widget\" data-settings=\"{&quot;source_json&quot;:{&quot;url&quot;:&quot;https:\\\/\\\/imprentalo.mx\\\/impresion\\\/wp-content\\\/uploads\\\/2023\\\/05\\\/cnc-title.json&quot;,&quot;id&quot;:1823,&quot;size&quot;:&quot;&quot;,&quot;alt&quot;:&quot;&quot;,&quot;source&quot;:&quot;library&quot;},&quot;start_point&quot;:{&quot;unit&quot;:&quot;%&quot;,&quot;size&quot;:0,&quot;sizes&quot;:[]},&quot;play_speed&quot;:{&quot;unit&quot;:&quot;px&quot;,&quot;size&quot;:1.600000000000000088817841970012523233890533447265625,&quot;sizes&quot;:[]},&quot;trigger&quot;:&quot;none&quot;,&quot;source&quot;:&quot;media_file&quot;,&quot;caption_source&quot;:&quot;none&quot;,&quot;link_to&quot;:&quot;none&quot;,&quot;end_point&quot;:{&quot;unit&quot;:&quot;%&quot;,&quot;size&quot;:100,&quot;sizes&quot;:[]},&quot;renderer&quot;:&quot;svg&quot;}\" data-widget_type=\"lottie.default\">\n\t\t\t\t<div class=\"elementor-widget-container\">\n\t\t\t\t\t<div class=\"e-lottie__container\"><div class=\"e-lottie__animation\"><\/div><\/div>\t\t\t\t<\/div>\n\t\t\t\t<\/div>\n\t\t\t\t<\/div>\n\t\t\t\t<div class=\"elementor-element elementor-element-bda3d0c about-animated elementor-headline--style-highlight elementor-widget elementor-widget-animated-headline\" data-id=\"bda3d0c\" data-element_type=\"widget\" data-settings=\"{&quot;marker&quot;:&quot;underline&quot;,&quot;highlighted_text&quot;:&quot;precisos.&quot;,&quot;highlight_animation_duration&quot;:1000,&quot;highlight_iteration_delay&quot;:5000,&quot;headline_style&quot;:&quot;highlight&quot;,&quot;loop&quot;:&quot;yes&quot;}\" data-widget_type=\"animated-headline.default\">\n\t\t\t\t<div class=\"elementor-widget-container\">\n\t\t\t\t\t\t\t<h3 class=\"elementor-headline\">\n\t\t\t\t\t<span class=\"elementor-headline-plain-text elementor-headline-text-wrapper\">Maquinaria y cortes<\/span>\n\t\t\t\t<span class=\"elementor-headline-dynamic-wrapper elementor-headline-text-wrapper\">\n\t\t\t\t\t<span class=\"elementor-headline-dynamic-text elementor-headline-text-active\">precisos.<\/span>\n\t\t\t\t<\/span>\n\t\t\t\t<\/h3>\n\t\t\t\t\t\t<\/div>\n\t\t\t\t<\/div>\n\t\t\t\t<div class=\"elementor-element elementor-element-68d15f7 elementor-widget__width-initial elementor-widget elementor-widget-text-editor\" data-id=\"68d15f7\" data-element_type=\"widget\" data-widget_type=\"text-editor.default\">\n\t\t\t\t<div class=\"elementor-widget-container\">\n\t\t\t\t\t\t\t\t\t<p>Nuestra experiencia en el manejo de estas tecnolog\u00edas de vanguardia es impresionante. Con precisi\u00f3n y eficiencia, somos capaces de realizar cortes en una amplia gama de materiales, desde madera y pl\u00e1stico hasta metales y materiales compuestos.<\/p><p>Nuestra maquinaria de \u00faltima generaci\u00f3n y nuestro conocimiento en programaci\u00f3n CNC nos permiten realizar cortes complejos y detallados con una calidad impecable. Adem\u00e1s, la capacidad para adaptarnos a las necesidades espec\u00edficas de los clientes y cumplir con los plazos establecidos es notable. Los clientes conf\u00edan en nuestros servicios de corte CNC para obtener piezas personalizadas de alta precisi\u00f3n para sus proyectos.<\/p>\t\t\t\t\t\t\t\t<\/div>\n\t\t\t\t<\/div>\n\t\t\t\t<\/div>\n\t\t<div class=\"elementor-element elementor-element-bb73e6d e-con-full e-flex e-con e-child\" data-id=\"bb73e6d\" data-element_type=\"container\" data-settings=\"{&quot;background_background&quot;:&quot;gradient&quot;}\">\n\t\t\t\t<div class=\"elementor-element elementor-element-2e48301 elementor-widget elementor-widget-heading\" data-id=\"2e48301\" data-element_type=\"widget\" data-widget_type=\"heading.default\">\n\t\t\t\t<div class=\"elementor-widget-container\">\n\t\t\t\t\t<h2 class=\"elementor-heading-title elementor-size-default\">\u00bfQu\u00e9 significa CNC?<\/h2>\t\t\t\t<\/div>\n\t\t\t\t<\/div>\n\t\t\t\t<div class=\"elementor-element elementor-element-c33167f elementor-widget elementor-widget-image\" data-id=\"c33167f\" data-element_type=\"widget\" data-widget_type=\"image.default\">\n\t\t\t\t<div class=\"elementor-widget-container\">\n\t\t\t\t\t\t\t\t\t\t\t\t\t\t\t<img fetchpriority=\"high\" decoding=\"async\" width=\"800\" height=\"313\" src=\"https:\/\/imprentalo.mx\/impresion\/wp-content\/uploads\/2023\/06\/corte-laser-1024x401.webp\" class=\"attachment-large size-large wp-image-2638 not-transparent\" alt=\"Corte con router CNC y L\u00e1ser\" srcset=\"https:\/\/imprentalo.mx\/impresion\/wp-content\/uploads\/2023\/06\/corte-laser-1024x401.webp 1024w, https:\/\/imprentalo.mx\/impresion\/wp-content\/uploads\/2023\/06\/corte-laser-300x117.webp 300w, https:\/\/imprentalo.mx\/impresion\/wp-content\/uploads\/2023\/06\/corte-laser-768x300.webp 768w, https:\/\/imprentalo.mx\/impresion\/wp-content\/uploads\/2023\/06\/corte-laser-1536x601.webp 1536w, https:\/\/imprentalo.mx\/impresion\/wp-content\/uploads\/2023\/06\/corte-laser-jpg.webp 1920w\" sizes=\"(max-width: 800px) 100vw, 800px\" data-has-transparency=\"false\" data-dominant-color=\"877d6f\" style=\"--dominant-color: #877d6f\" \/>\t\t\t\t\t\t\t\t\t\t\t\t\t\t\t<\/div>\n\t\t\t\t<\/div>\n\t\t\t\t<div class=\"elementor-element elementor-element-1b30763 elementor-widget elementor-widget-text-editor\" data-id=\"1b30763\" data-element_type=\"widget\" data-widget_type=\"text-editor.default\">\n\t\t\t\t<div class=\"elementor-widget-container\">\n\t\t\t\t\t\t\t\t\t<p>Un router CNC, es una m\u00e1quina que controla los cortes por computadora. Las trayectorias de corte de un router CNC, pueden ser controlados mediante el control num\u00e9rico por ordenador. Se trata de una m\u00e1quina controlada para el corte de diversos materiales duros, tales como madera, acero, compuestos, aluminio, pl\u00e1sticos, y espumas. Es uno de los muchos tipos de herramientas que tienen variantes CNC. Un router CNC, es muy similar en concepto a una fresadora (milling machine) CNC.<\/p><p>Corte por l\u00e1ser es un proceso sin contacto que utiliza un l\u00e1ser para cortar materiales, lo que resulta en cortes dimensionalmente precisos y de gran calidad. El proceso funciona dirigiendo un rayo l\u00e1ser a trav\u00e9s de una boquilla hacia la pieza de trabajo. Una combinaci\u00f3n de calor y presi\u00f3n crea la acci\u00f3n de corte. El material se funde, arde, se vaporiza o se lo remueve mediante un chorro de gas, dejando un borde con un acabado de superficie de gran calidad.<\/p>\t\t\t\t\t\t\t\t<\/div>\n\t\t\t\t<\/div>\n\t\t\t\t<div class=\"elementor-element elementor-element-94f10c6 elementor-align-center elementor-widget elementor-widget-button\" data-id=\"94f10c6\" data-element_type=\"widget\" data-widget_type=\"button.default\">\n\t\t\t\t<div class=\"elementor-widget-container\">\n\t\t\t\t\t\t\t\t\t<div class=\"elementor-button-wrapper\">\n\t\t\t\t\t<a class=\"elementor-button elementor-button-link elementor-size-sm\" href=\"http:\/\/wa.me\/525531626744\" target=\"_blank\">\n\t\t\t\t\t\t<span class=\"elementor-button-content-wrapper\">\n\t\t\t\t\t\t\t\t\t<span class=\"elementor-button-text\">Env\u00eda un mensaje por WhatsApp<\/span>\n\t\t\t\t\t<\/span>\n\t\t\t\t\t<\/a>\n\t\t\t\t<\/div>\n\t\t\t\t\t\t\t\t<\/div>\n\t\t\t\t<\/div>\n\t\t\t\t<div class=\"elementor-element elementor-element-76f6b12 elementor-widget elementor-widget-text-editor\" data-id=\"76f6b12\" data-element_type=\"widget\" data-widget_type=\"text-editor.default\">\n\t\t\t\t<div class=\"elementor-widget-container\">\n\t\t\t\t\t\t\t\t\t<p>o visita el sitio de <a href=\"https:\/\/akme.mx\">akme.mx<\/a><\/p>\t\t\t\t\t\t\t\t<\/div>\n\t\t\t\t<\/div>\n\t\t\t\t<\/div>\n\t\t\t\t<\/div>\n\t\t\t\t<\/div>\n\t\t","protected":false},"excerpt":{"rendered":"<p>En esta p\u00e1gina aprender\u00e1s de nuestro servicio de Corte CNC y L\u00e1ser. Cortes precisos en gran variedad de materiales. Madera, acero, aluminio, pl\u00e1sticos, y espumas.<\/p>\n","protected":false},"author":1,"featured_media":2623,"parent":0,"menu_order":0,"comment_status":"closed","ping_status":"closed","template":"elementor_header_footer","meta":{"footnotes":""},"class_list":["post-1906","page","type-page","status-publish","has-post-thumbnail","hentry"],"yoast_head":"<!-- This site is optimized with the Yoast SEO plugin v26.4 - https:\/\/yoast.com\/wordpress\/plugins\/seo\/ -->\n<title>Corte y grabado CNC y L\u00e1ser - Impr\u00e9ntalo.mx<\/title>\n<meta name=\"description\" content=\"En esta p\u00e1gina aprender\u00e1s de nuestro servicio de Corte CNC y L\u00e1ser. Cortes precisos en gran variedad de materiales. Madera, acero, aluminio, pl\u00e1sticos, y espumas.\" \/>\n<meta name=\"robots\" content=\"index, follow, max-snippet:-1, max-image-preview:large, max-video-preview:-1\" \/>\n<link rel=\"canonical\" href=\"https:\/\/imprentalo.mx\/impresion\/corte-cnc\/\" \/>\n<meta property=\"og:locale\" content=\"es_ES\" \/>\n<meta property=\"og:type\" content=\"article\" \/>\n<meta property=\"og:title\" content=\"Corte y grabado CNC y L\u00e1ser - Impr\u00e9ntalo.mx\" \/>\n<meta property=\"og:description\" content=\"En esta p\u00e1gina aprender\u00e1s de nuestro servicio de Corte CNC y L\u00e1ser. Cortes precisos en gran variedad de materiales. Madera, acero, aluminio, pl\u00e1sticos, y espumas.\" \/>\n<meta property=\"og:url\" content=\"https:\/\/imprentalo.mx\/impresion\/corte-cnc\/\" \/>\n<meta property=\"og:site_name\" content=\"Imprentalo.mx\" \/>\n<meta property=\"article:modified_time\" content=\"2023-10-04T23:13:21+00:00\" \/>\n<meta property=\"og:image\" content=\"https:\/\/imprentalo.mx\/impresion\/wp-content\/uploads\/2023\/06\/3639583d-20f5-4c89-802e-d34b9f1ded4c-jpeg-e1686157274864.webp\" \/>\n\t<meta property=\"og:image:width\" content=\"1024\" \/>\n\t<meta property=\"og:image:height\" content=\"970\" \/>\n\t<meta property=\"og:image:type\" content=\"image\/jpeg\" \/>\n<meta name=\"twitter:card\" content=\"summary_large_image\" \/>\n<meta name=\"twitter:label1\" content=\"Tiempo de lectura\" \/>\n\t<meta name=\"twitter:data1\" content=\"2 minutos\" \/>\n<script type=\"application\/ld+json\" class=\"yoast-schema-graph\">{\"@context\":\"https:\/\/schema.org\",\"@graph\":[{\"@type\":\"WebPage\",\"@id\":\"https:\/\/imprentalo.mx\/impresion\/corte-cnc\/\",\"url\":\"https:\/\/imprentalo.mx\/impresion\/corte-cnc\/\",\"name\":\"Corte y grabado CNC y L\u00e1ser - Impr\u00e9ntalo.mx\",\"isPartOf\":{\"@id\":\"https:\/\/imprentalo.mx\/impresion\/#website\"},\"primaryImageOfPage\":{\"@id\":\"https:\/\/imprentalo.mx\/impresion\/corte-cnc\/#primaryimage\"},\"image\":{\"@id\":\"https:\/\/imprentalo.mx\/impresion\/corte-cnc\/#primaryimage\"},\"thumbnailUrl\":\"https:\/\/imprentalo.mx\/impresion\/wp-content\/uploads\/2023\/06\/3639583d-20f5-4c89-802e-d34b9f1ded4c-jpeg-e1686157274864.webp\",\"datePublished\":\"2023-05-30T21:00:04+00:00\",\"dateModified\":\"2023-10-04T23:13:21+00:00\",\"description\":\"En esta p\u00e1gina aprender\u00e1s de nuestro servicio de Corte CNC y L\u00e1ser. Cortes precisos en gran variedad de materiales. Madera, acero, aluminio, pl\u00e1sticos, y espumas.\",\"breadcrumb\":{\"@id\":\"https:\/\/imprentalo.mx\/impresion\/corte-cnc\/#breadcrumb\"},\"inLanguage\":\"es\",\"potentialAction\":[{\"@type\":\"ReadAction\",\"target\":[\"https:\/\/imprentalo.mx\/impresion\/corte-cnc\/\"]}]},{\"@type\":\"ImageObject\",\"inLanguage\":\"es\",\"@id\":\"https:\/\/imprentalo.mx\/impresion\/corte-cnc\/#primaryimage\",\"url\":\"https:\/\/imprentalo.mx\/impresion\/wp-content\/uploads\/2023\/06\/3639583d-20f5-4c89-802e-d34b9f1ded4c-jpeg-e1686157274864.webp\",\"contentUrl\":\"https:\/\/imprentalo.mx\/impresion\/wp-content\/uploads\/2023\/06\/3639583d-20f5-4c89-802e-d34b9f1ded4c-jpeg-e1686157274864.webp\",\"width\":1024,\"height\":970},{\"@type\":\"BreadcrumbList\",\"@id\":\"https:\/\/imprentalo.mx\/impresion\/corte-cnc\/#breadcrumb\",\"itemListElement\":[{\"@type\":\"ListItem\",\"position\":1,\"name\":\"Home\",\"item\":\"https:\/\/imprentalo.mx\/impresion\/\"},{\"@type\":\"ListItem\",\"position\":2,\"name\":\"Corte CNC\"}]},{\"@type\":\"WebSite\",\"@id\":\"https:\/\/imprentalo.mx\/impresion\/#website\",\"url\":\"https:\/\/imprentalo.mx\/impresion\/\",\"name\":\"Imprentalo\",\"description\":\"Servicios de Impresi&oacute;n a tu medida\",\"publisher\":{\"@id\":\"https:\/\/imprentalo.mx\/impresion\/#organization\"},\"inLanguage\":\"es\"},{\"@type\":\"Organization\",\"@id\":\"https:\/\/imprentalo.mx\/impresion\/#organization\",\"name\":\"Impr\u00e9ntalo\",\"url\":\"https:\/\/imprentalo.mx\/impresion\/\",\"logo\":{\"@type\":\"ImageObject\",\"inLanguage\":\"es\",\"@id\":\"https:\/\/imprentalo.mx\/impresion\/#\/schema\/logo\/image\/\",\"url\":\"https:\/\/imprentalo.mx\/impresion\/wp-content\/uploads\/2021\/10\/cropped-IMPRENTALO-negro-2.png\",\"contentUrl\":\"https:\/\/imprentalo.mx\/impresion\/wp-content\/uploads\/2021\/10\/cropped-IMPRENTALO-negro-2.png\",\"width\":903,\"height\":305,\"caption\":\"Impr\u00e9ntalo\"},\"image\":{\"@id\":\"https:\/\/imprentalo.mx\/impresion\/#\/schema\/logo\/image\/\"}}]}<\/script>\n<!-- \/ Yoast SEO plugin. -->","yoast_head_json":{"title":"Corte y grabado CNC y L\u00e1ser - Impr\u00e9ntalo.mx","description":"En esta p\u00e1gina aprender\u00e1s de nuestro servicio de Corte CNC y L\u00e1ser. Cortes precisos en gran variedad de materiales. Madera, acero, aluminio, pl\u00e1sticos, y espumas.","robots":{"index":"index","follow":"follow","max-snippet":"max-snippet:-1","max-image-preview":"max-image-preview:large","max-video-preview":"max-video-preview:-1"},"canonical":"https:\/\/imprentalo.mx\/impresion\/corte-cnc\/","og_locale":"es_ES","og_type":"article","og_title":"Corte y grabado CNC y L\u00e1ser - Impr\u00e9ntalo.mx","og_description":"En esta p\u00e1gina aprender\u00e1s de nuestro servicio de Corte CNC y L\u00e1ser. Cortes precisos en gran variedad de materiales. Madera, acero, aluminio, pl\u00e1sticos, y espumas.","og_url":"https:\/\/imprentalo.mx\/impresion\/corte-cnc\/","og_site_name":"Imprentalo.mx","article_modified_time":"2023-10-04T23:13:21+00:00","og_image":[{"width":1024,"height":970,"url":"https:\/\/imprentalo.mx\/impresion\/wp-content\/uploads\/2023\/06\/3639583d-20f5-4c89-802e-d34b9f1ded4c-jpeg-e1686157274864.webp","type":"image\/jpeg"}],"twitter_card":"summary_large_image","twitter_misc":{"Tiempo de lectura":"2 minutos"},"schema":{"@context":"https:\/\/schema.org","@graph":[{"@type":"WebPage","@id":"https:\/\/imprentalo.mx\/impresion\/corte-cnc\/","url":"https:\/\/imprentalo.mx\/impresion\/corte-cnc\/","name":"Corte y grabado CNC y L\u00e1ser - Impr\u00e9ntalo.mx","isPartOf":{"@id":"https:\/\/imprentalo.mx\/impresion\/#website"},"primaryImageOfPage":{"@id":"https:\/\/imprentalo.mx\/impresion\/corte-cnc\/#primaryimage"},"image":{"@id":"https:\/\/imprentalo.mx\/impresion\/corte-cnc\/#primaryimage"},"thumbnailUrl":"https:\/\/imprentalo.mx\/impresion\/wp-content\/uploads\/2023\/06\/3639583d-20f5-4c89-802e-d34b9f1ded4c-jpeg-e1686157274864.webp","datePublished":"2023-05-30T21:00:04+00:00","dateModified":"2023-10-04T23:13:21+00:00","description":"En esta p\u00e1gina aprender\u00e1s de nuestro servicio de Corte CNC y L\u00e1ser. Cortes precisos en gran variedad de materiales. Madera, acero, aluminio, pl\u00e1sticos, y espumas.","breadcrumb":{"@id":"https:\/\/imprentalo.mx\/impresion\/corte-cnc\/#breadcrumb"},"inLanguage":"es","potentialAction":[{"@type":"ReadAction","target":["https:\/\/imprentalo.mx\/impresion\/corte-cnc\/"]}]},{"@type":"ImageObject","inLanguage":"es","@id":"https:\/\/imprentalo.mx\/impresion\/corte-cnc\/#primaryimage","url":"https:\/\/imprentalo.mx\/impresion\/wp-content\/uploads\/2023\/06\/3639583d-20f5-4c89-802e-d34b9f1ded4c-jpeg-e1686157274864.webp","contentUrl":"https:\/\/imprentalo.mx\/impresion\/wp-content\/uploads\/2023\/06\/3639583d-20f5-4c89-802e-d34b9f1ded4c-jpeg-e1686157274864.webp","width":1024,"height":970},{"@type":"BreadcrumbList","@id":"https:\/\/imprentalo.mx\/impresion\/corte-cnc\/#breadcrumb","itemListElement":[{"@type":"ListItem","position":1,"name":"Home","item":"https:\/\/imprentalo.mx\/impresion\/"},{"@type":"ListItem","position":2,"name":"Corte CNC"}]},{"@type":"WebSite","@id":"https:\/\/imprentalo.mx\/impresion\/#website","url":"https:\/\/imprentalo.mx\/impresion\/","name":"Imprentalo","description":"Servicios de Impresi&oacute;n a tu medida","publisher":{"@id":"https:\/\/imprentalo.mx\/impresion\/#organization"},"inLanguage":"es"},{"@type":"Organization","@id":"https:\/\/imprentalo.mx\/impresion\/#organization","name":"Impr\u00e9ntalo","url":"https:\/\/imprentalo.mx\/impresion\/","logo":{"@type":"ImageObject","inLanguage":"es","@id":"https:\/\/imprentalo.mx\/impresion\/#\/schema\/logo\/image\/","url":"https:\/\/imprentalo.mx\/impresion\/wp-content\/uploads\/2021\/10\/cropped-IMPRENTALO-negro-2.png","contentUrl":"https:\/\/imprentalo.mx\/impresion\/wp-content\/uploads\/2021\/10\/cropped-IMPRENTALO-negro-2.png","width":903,"height":305,"caption":"Impr\u00e9ntalo"},"image":{"@id":"https:\/\/imprentalo.mx\/impresion\/#\/schema\/logo\/image\/"}}]}},"_links":{"self":[{"href":"https:\/\/imprentalo.mx\/impresion\/wp-json\/wp\/v2\/pages\/1906","targetHints":{"allow":["GET"]}}],"collection":[{"href":"https:\/\/imprentalo.mx\/impresion\/wp-json\/wp\/v2\/pages"}],"about":[{"href":"https:\/\/imprentalo.mx\/impresion\/wp-json\/wp\/v2\/types\/page"}],"author":[{"embeddable":true,"href":"https:\/\/imprentalo.mx\/impresion\/wp-json\/wp\/v2\/users\/1"}],"replies":[{"embeddable":true,"href":"https:\/\/imprentalo.mx\/impresion\/wp-json\/wp\/v2\/comments?post=1906"}],"version-history":[{"count":0,"href":"https:\/\/imprentalo.mx\/impresion\/wp-json\/wp\/v2\/pages\/1906\/revisions"}],"wp:featuredmedia":[{"embeddable":true,"href":"https:\/\/imprentalo.mx\/impresion\/wp-json\/wp\/v2\/media\/2623"}],"wp:attachment":[{"href":"https:\/\/imprentalo.mx\/impresion\/wp-json\/wp\/v2\/media?parent=1906"}],"curies":[{"name":"wp","href":"https:\/\/api.w.org\/{rel}","templated":true}]}}