{"id":232,"date":"2021-11-15T21:51:37","date_gmt":"2021-11-16T03:51:37","guid":{"rendered":"https:\/\/www.imprentalo.mx\/impresion\/?page_id=232"},"modified":"2023-12-14T13:37:03","modified_gmt":"2023-12-14T19:37:03","slug":"acerca-imprentalo-mx","status":"publish","type":"page","link":"https:\/\/imprentalo.mx\/impresion\/acerca-imprentalo-mx\/","title":{"rendered":"Acerca de Imprentalo.mx"},"content":{"rendered":"\t\t<div data-elementor-type=\"wp-page\" data-elementor-id=\"232\" class=\"elementor elementor-232\" data-elementor-post-type=\"page\">\n\t\t\t\t<div class=\"elementor-element elementor-element-60c706d e-con-full e-flex e-con e-parent\" data-id=\"60c706d\" data-element_type=\"container\">\n\t\t<div class=\"elementor-element elementor-element-d3be27a e-flex e-con-boxed e-con e-child\" data-id=\"d3be27a\" data-element_type=\"container\">\n\t\t\t\t\t<div class=\"e-con-inner\">\n\t\t\t\t<div class=\"elementor-element elementor-element-45225e7 about-lottie elementor-align-center elementor-widget elementor-widget-lottie\" data-id=\"45225e7\" data-element_type=\"widget\" data-settings=\"{&quot;source_json&quot;:{&quot;url&quot;:&quot;https:\\\/\\\/imprentalo.mx\\\/impresion\\\/wp-content\\\/uploads\\\/2023\\\/05\\\/logo-animation.json&quot;,&quot;id&quot;:2027,&quot;size&quot;:&quot;&quot;,&quot;alt&quot;:&quot;&quot;,&quot;source&quot;:&quot;library&quot;},&quot;play_speed&quot;:{&quot;unit&quot;:&quot;px&quot;,&quot;size&quot;:1.6999999999999999555910790149937383830547332763671875,&quot;sizes&quot;:[]},&quot;trigger&quot;:&quot;none&quot;,&quot;source&quot;:&quot;media_file&quot;,&quot;caption_source&quot;:&quot;none&quot;,&quot;link_to&quot;:&quot;none&quot;,&quot;start_point&quot;:{&quot;unit&quot;:&quot;%&quot;,&quot;size&quot;:0,&quot;sizes&quot;:[]},&quot;end_point&quot;:{&quot;unit&quot;:&quot;%&quot;,&quot;size&quot;:100,&quot;sizes&quot;:[]},&quot;renderer&quot;:&quot;svg&quot;}\" data-widget_type=\"lottie.default\">\n\t\t\t\t<div class=\"elementor-widget-container\">\n\t\t\t\t\t<div class=\"e-lottie__container\"><div class=\"e-lottie__animation\"><\/div><\/div>\t\t\t\t<\/div>\n\t\t\t\t<\/div>\n\t\t\t\t\t<\/div>\n\t\t\t\t<\/div>\n\t\t<div class=\"elementor-element elementor-element-29ea955 e-con-full animated-fast e-flex elementor-invisible e-con e-child\" data-id=\"29ea955\" data-element_type=\"container\" data-settings=\"{&quot;background_background&quot;:&quot;gradient&quot;,&quot;animation&quot;:&quot;fadeInUp&quot;,&quot;animation_delay&quot;:0}\">\n\t\t\t\t<div class=\"elementor-element elementor-element-54c7190 elementor-widget elementor-widget-spacer\" data-id=\"54c7190\" data-element_type=\"widget\" data-widget_type=\"spacer.default\">\n\t\t\t\t<div class=\"elementor-widget-container\">\n\t\t\t\t\t\t\t<div class=\"elementor-spacer\">\n\t\t\t<div class=\"elementor-spacer-inner\"><\/div>\n\t\t<\/div>\n\t\t\t\t\t\t<\/div>\n\t\t\t\t<\/div>\n\t\t\t\t<div class=\"elementor-element elementor-element-4176acc about-animated elementor-headline--style-highlight elementor-widget elementor-widget-animated-headline\" data-id=\"4176acc\" data-element_type=\"widget\" data-settings=\"{&quot;marker&quot;:&quot;underline&quot;,&quot;highlighted_text&quot;:&quot;30 a\\u00f1os&quot;,&quot;highlight_animation_duration&quot;:1000,&quot;highlight_iteration_delay&quot;:5000,&quot;headline_style&quot;:&quot;highlight&quot;,&quot;loop&quot;:&quot;yes&quot;}\" data-widget_type=\"animated-headline.default\">\n\t\t\t\t<div class=\"elementor-widget-container\">\n\t\t\t\t\t\t\t<h3 class=\"elementor-headline\">\n\t\t\t\t<span class=\"elementor-headline-dynamic-wrapper elementor-headline-text-wrapper\">\n\t\t\t\t\t<span class=\"elementor-headline-dynamic-text elementor-headline-text-active\">30 a\u00f1os<\/span>\n\t\t\t\t<\/span>\n\t\t\t\t\t<span class=\"elementor-headline-plain-text elementor-headline-text-wrapper\">respaldan nuestras habilidades y conocimientos.<\/span>\n\t\t\t\t\t<\/h3>\n\t\t\t\t\t\t<\/div>\n\t\t\t\t<\/div>\n\t\t\t\t<div class=\"elementor-element elementor-element-82ee696 elementor-widget elementor-widget-text-editor\" data-id=\"82ee696\" data-element_type=\"widget\" data-widget_type=\"text-editor.default\">\n\t\t\t\t<div class=\"elementor-widget-container\">\n\t\t\t\t\t\t\t\t\t<p>Contamos con una gran variedad de <span style=\"text-decoration: underline;\">sistemas de impresi\u00f3n<\/span> lo que nos permitir\u00e1 siempre ofrecerte <span style=\"text-decoration: underline;\">la mejor alternativa<\/span> a tus necesidades de impresi\u00f3n.<\/p>\t\t\t\t\t\t\t\t<\/div>\n\t\t\t\t<\/div>\n\t\t\t\t<div class=\"elementor-element elementor-element-272a63f elementor-widget elementor-widget-text-editor\" data-id=\"272a63f\" data-element_type=\"widget\" data-widget_type=\"text-editor.default\">\n\t\t\t\t<div class=\"elementor-widget-container\">\n\t\t\t\t\t\t\t\t\t<p>Entendemos que los <span style=\"text-decoration: underline;\">tiempos de entrega<\/span> son clave para cualquier proyecto; si nos comprometemos a una entrega es porque <span style=\"text-decoration: underline;\">siempre lo logramos.<\/span><\/p>\t\t\t\t\t\t\t\t<\/div>\n\t\t\t\t<\/div>\n\t\t\t\t<\/div>\n\t\t<div class=\"elementor-element elementor-element-2fa004f e-flex e-con-boxed e-con e-child\" data-id=\"2fa004f\" data-element_type=\"container\">\n\t\t\t\t\t<div class=\"e-con-inner\">\n\t\t\t\t<div class=\"elementor-element elementor-element-39d59d4 elementor-invisible elementor-widget elementor-widget-text-editor\" data-id=\"39d59d4\" data-element_type=\"widget\" data-settings=\"{&quot;_animation&quot;:&quot;fadeInLeft&quot;,&quot;_animation_delay&quot;:100}\" data-widget_type=\"text-editor.default\">\n\t\t\t\t<div class=\"elementor-widget-container\">\n\t\t\t\t\t\t\t\t\t<div class=\"eco_restoration_content\"><div class=\"eco_restoration_data\"><h6 class=\"text-uppercase\">MISI\u00d3N<\/h6><p>Tenemos la capacidad de brindar la mejor soluci\u00f3n integral para sus necesidades de impresi\u00f3n con excelente calidad, ofreciendo precios altamente competitivos, tecnolog\u00eda de punta, equipo humano comprometido, excelente servicio y actitud.<\/p><\/div><div class=\"eco_restoration_data\"><h6 class=\"text-uppercase\">VISI\u00d3N<\/h6><p>Nuestra visi\u00f3n es ser una empresa l\u00edder en el mercado mediante el desarrollo humano, la sincronizaci\u00f3n efectiva de los procesos y el mejoramiento continuo. La satisfacci\u00f3n de nuestros clientes es nuestra principal responsabilidad, es por esto que hacemos nuestro trabajo a conciencia con un compromiso de alta calidad y efectividad.<\/p><\/div><\/div>\t\t\t\t\t\t\t\t<\/div>\n\t\t\t\t<\/div>\n\t\t\t\t<div class=\"elementor-element elementor-element-dbd68c1 elementor-invisible elementor-widget elementor-widget-text-editor\" data-id=\"dbd68c1\" data-element_type=\"widget\" data-settings=\"{&quot;_animation&quot;:&quot;fadeInRight&quot;,&quot;_animation_delay&quot;:300}\" data-widget_type=\"text-editor.default\">\n\t\t\t\t<div class=\"elementor-widget-container\">\n\t\t\t\t\t\t\t\t\t<p>VALORES<\/p><div class=\"eco_restoration_content\"><div class=\"eco_restoration_data\"><p><b>Disciplina:<\/b>\u00a0Creemos que es nuestro valor central y se basa en 4 pilares: puntualidad, responsabilidad, orden y limpieza. Esto nos permite atender a nuestros clientes de forma eficiente, cumpliendo con nuestros compromisos.<br \/><b>Respeto:<\/b>\u00a0Cada uno de nosotros somos responsables de generar un ambiente de cordialidad y amabilidad en nuestro entorno. Apreciamos la diversidad en opiniones, formaci\u00f3n y cultura como fuente de conocimiento y ventaja competitiva.<br \/><b>Honestidad e Integridad:<\/b>\u00a0Inculcamos la honestidad y \u00e9tica profesional en todas nuestras acciones, actuamos con transparencia, transmitiendo confianza a nuestros clientes.<br \/><b>Cultura Enfocada en la Calidad:<\/b>\u00a0Creemos que el cliente es nuestra raz\u00f3n de ser, de all\u00ed que la mejora continua sea nuestra principal herramienta para el crecimiento de nuestra empresa, por lo que adoptamos los principios de la Calidad Total como la principal filosof\u00eda.<\/p><\/div><\/div>\t\t\t\t\t\t\t\t<\/div>\n\t\t\t\t<\/div>\n\t\t\t\t\t<\/div>\n\t\t\t\t<\/div>\n\t\t\t\t<\/div>\n\t\t<div class=\"elementor-element elementor-element-fdcec27 e-flex e-con-boxed e-con e-parent\" data-id=\"fdcec27\" data-element_type=\"container\">\n\t\t\t\t\t<div class=\"e-con-inner\">\n\t\t<div class=\"elementor-element elementor-element-7e743f1 e-flex e-con-boxed elementor-invisible e-con e-child\" data-id=\"7e743f1\" data-element_type=\"container\" data-settings=\"{&quot;background_background&quot;:&quot;gradient&quot;,&quot;animation&quot;:&quot;fadeInLeft&quot;}\">\n\t\t\t\t\t<div class=\"e-con-inner\">\n\t\t\t\t<div class=\"elementor-element elementor-element-e5a5d05 elementor-widget elementor-widget-heading\" data-id=\"e5a5d05\" data-element_type=\"widget\" data-widget_type=\"heading.default\">\n\t\t\t\t<div class=\"elementor-widget-container\">\n\t\t\t\t\t<h3 class=\"elementor-heading-title elementor-size-default\">Para enviar un mensaje por WhatsApp o ver nuestro cat\u00e1logo<\/h3>\t\t\t\t<\/div>\n\t\t\t\t<\/div>\n\t\t\t\t<div class=\"elementor-element elementor-element-e0e5ca2 elementor-widget elementor-widget-heading\" data-id=\"e0e5ca2\" data-element_type=\"widget\" data-widget_type=\"heading.default\">\n\t\t\t\t<div class=\"elementor-widget-container\">\n\t\t\t\t\t<h5 class=\"elementor-heading-title elementor-size-default\">Escanea este c\u00f3digo:<\/h5>\t\t\t\t<\/div>\n\t\t\t\t<\/div>\n\t\t\t\t<div class=\"elementor-element elementor-element-b8b187a elementor-widget elementor-widget-image\" data-id=\"b8b187a\" data-element_type=\"widget\" data-widget_type=\"image.default\">\n\t\t\t\t<div class=\"elementor-widget-container\">\n\t\t\t\t\t\t\t\t\t\t\t\t\t\t\t<img fetchpriority=\"high\" decoding=\"async\" width=\"275\" height=\"300\" src=\"https:\/\/imprentalo.mx\/impresion\/wp-content\/uploads\/2023\/06\/Imagen-de-WhatsApp-2023-06-06-a-las-16.51.38-jpg-e1686094804624-275x300.webp\" class=\"attachment-medium size-medium wp-image-2500 not-transparent\" alt=\"Acerca de Impr\u00e9ntalo, codigo QR para WhatsApp de Impr\u00e9ntalo\" srcset=\"https:\/\/imprentalo.mx\/impresion\/wp-content\/uploads\/2023\/06\/Imagen-de-WhatsApp-2023-06-06-a-las-16.51.38-jpg-e1686094804624-275x300.webp 275w, https:\/\/imprentalo.mx\/impresion\/wp-content\/uploads\/2023\/06\/Imagen-de-WhatsApp-2023-06-06-a-las-16.51.38-jpg-e1686094804624.webp 397w\" sizes=\"(max-width: 275px) 100vw, 275px\" data-has-transparency=\"false\" data-dominant-color=\"58bca5\" style=\"--dominant-color: #58bca5\" \/>\t\t\t\t\t\t\t\t\t\t\t\t\t\t\t<\/div>\n\t\t\t\t<\/div>\n\t\t\t\t<div class=\"elementor-element elementor-element-509aa68 elementor-widget elementor-widget-heading\" data-id=\"509aa68\" data-element_type=\"widget\" data-widget_type=\"heading.default\">\n\t\t\t\t<div class=\"elementor-widget-container\">\n\t\t\t\t\t<h5 class=\"elementor-heading-title elementor-size-default\">o da click aqu\u00ed:<\/h5>\t\t\t\t<\/div>\n\t\t\t\t<\/div>\n\t\t\t\t<div class=\"elementor-element elementor-element-904ef9d elementor-align-center elementor-widget elementor-widget-button\" data-id=\"904ef9d\" data-element_type=\"widget\" data-widget_type=\"button.default\">\n\t\t\t\t<div class=\"elementor-widget-container\">\n\t\t\t\t\t\t\t\t\t<div class=\"elementor-button-wrapper\">\n\t\t\t\t\t<a class=\"elementor-button elementor-button-link elementor-size-lg\" href=\"https:\/\/wa.me\/message\/WK7OTJS2DYVOH1\" target=\"_blank\">\n\t\t\t\t\t\t<span class=\"elementor-button-content-wrapper\">\n\t\t\t\t\t\t<span class=\"elementor-button-icon\">\n\t\t\t\t<i aria-hidden=\"true\" class=\"fab fa-whatsapp\"><\/i>\t\t\t<\/span>\n\t\t\t\t\t\t\t\t\t<span class=\"elementor-button-text\">WhatsApp<\/span>\n\t\t\t\t\t<\/span>\n\t\t\t\t\t<\/a>\n\t\t\t\t<\/div>\n\t\t\t\t\t\t\t\t<\/div>\n\t\t\t\t<\/div>\n\t\t\t\t\t<\/div>\n\t\t\t\t<\/div>\n\t\t<div class=\"elementor-element elementor-element-8b51020 e-flex e-con-boxed elementor-invisible e-con e-child\" data-id=\"8b51020\" data-element_type=\"container\" data-settings=\"{&quot;animation&quot;:&quot;fadeIn&quot;,&quot;animation_delay&quot;:500}\">\n\t\t\t\t\t<div class=\"e-con-inner\">\n\t\t\t\t<div class=\"elementor-element elementor-element-e2d29d2 elementor-widget elementor-widget-heading\" data-id=\"e2d29d2\" data-element_type=\"widget\" data-widget_type=\"heading.default\">\n\t\t\t\t<div class=\"elementor-widget-container\">\n\t\t\t\t\t<h3 class=\"elementor-heading-title elementor-size-default\">Puedes encontrarnos en esta direcci\u00f3n.<\/h3>\t\t\t\t<\/div>\n\t\t\t\t<\/div>\n\t\t\t\t<div class=\"elementor-element elementor-element-e614504 elementor-widget elementor-widget-google_maps\" data-id=\"e614504\" data-element_type=\"widget\" data-widget_type=\"google_maps.default\">\n\t\t\t\t<div class=\"elementor-widget-container\">\n\t\t\t\t\t\t\t<div class=\"elementor-custom-embed\">\n\t\t\t<iframe loading=\"lazy\"\n\t\t\t\t\tsrc=\"https:\/\/maps.google.com\/maps?q=convento%20de%20santa%20monica%20112&#038;t=m&#038;z=15&#038;output=embed&#038;iwloc=near\"\n\t\t\t\t\ttitle=\"convento de santa monica 112\"\n\t\t\t\t\taria-label=\"convento de santa monica 112\"\n\t\t\t><\/iframe>\n\t\t<\/div>\n\t\t\t\t\t\t<\/div>\n\t\t\t\t<\/div>\n\t\t\t\t\t<\/div>\n\t\t\t\t<\/div>\n\t\t\t\t\t<\/div>\n\t\t\t\t<\/div>\n\t\t\t\t<\/div>\n\t\t","protected":false},"excerpt":{"rendered":"<p>Aqu\u00ed podras ver informaci\u00f3n acerca de impretalo, conoceras la gran variedad de productos y procesos que podemos ofrecerte y sabr\u00e1s como contactarnos.<\/p>\n","protected":false},"author":1,"featured_media":166,"parent":0,"menu_order":0,"comment_status":"closed","ping_status":"closed","template":"elementor_header_footer","meta":{"footnotes":""},"class_list":["post-232","page","type-page","status-publish","has-post-thumbnail","hentry"],"yoast_head":"<!-- This site is optimized with the Yoast SEO plugin v26.4 - https:\/\/yoast.com\/wordpress\/plugins\/seo\/ -->\n<title>Acerca de Imprentalo.mx - Imprentalo.mx<\/title>\n<meta name=\"description\" content=\"Aqu\u00ed podras ver informaci\u00f3n acerca de impretalo, conoceras la gran variedad de productos y procesos que podemos ofrecerte y sabr\u00e1s como contactarnos.\" \/>\n<meta name=\"robots\" content=\"index, follow, max-snippet:-1, max-image-preview:large, max-video-preview:-1\" \/>\n<link rel=\"canonical\" href=\"https:\/\/imprentalo.mx\/impresion\/acerca-imprentalo-mx\/\" \/>\n<meta property=\"og:locale\" content=\"es_ES\" \/>\n<meta property=\"og:type\" content=\"article\" \/>\n<meta property=\"og:title\" content=\"Acerca de Imprentalo.mx - Imprentalo.mx\" \/>\n<meta property=\"og:description\" content=\"Aqu\u00ed podras ver informaci\u00f3n acerca de impretalo, conoceras la gran variedad de productos y procesos que podemos ofrecerte y sabr\u00e1s como contactarnos.\" \/>\n<meta property=\"og:url\" content=\"https:\/\/imprentalo.mx\/impresion\/acerca-imprentalo-mx\/\" \/>\n<meta property=\"og:site_name\" content=\"Imprentalo.mx\" \/>\n<meta property=\"article:modified_time\" content=\"2023-12-14T19:37:03+00:00\" \/>\n<meta property=\"og:image\" content=\"https:\/\/imprentalo.mx\/impresion\/wp-content\/uploads\/2021\/10\/cropped-IMPRENTALO-negro-2.png\" \/>\n\t<meta property=\"og:image:width\" content=\"903\" \/>\n\t<meta property=\"og:image:height\" content=\"305\" \/>\n\t<meta property=\"og:image:type\" content=\"image\/png\" \/>\n<meta name=\"twitter:card\" content=\"summary_large_image\" \/>\n<meta name=\"twitter:label1\" content=\"Tiempo de lectura\" \/>\n\t<meta name=\"twitter:data1\" content=\"2 minutos\" \/>\n<script type=\"application\/ld+json\" class=\"yoast-schema-graph\">{\"@context\":\"https:\/\/schema.org\",\"@graph\":[{\"@type\":\"WebPage\",\"@id\":\"https:\/\/imprentalo.mx\/impresion\/acerca-imprentalo-mx\/\",\"url\":\"https:\/\/imprentalo.mx\/impresion\/acerca-imprentalo-mx\/\",\"name\":\"Acerca de Imprentalo.mx - Imprentalo.mx\",\"isPartOf\":{\"@id\":\"https:\/\/imprentalo.mx\/impresion\/#website\"},\"primaryImageOfPage\":{\"@id\":\"https:\/\/imprentalo.mx\/impresion\/acerca-imprentalo-mx\/#primaryimage\"},\"image\":{\"@id\":\"https:\/\/imprentalo.mx\/impresion\/acerca-imprentalo-mx\/#primaryimage\"},\"thumbnailUrl\":\"https:\/\/imprentalo.mx\/impresion\/wp-content\/uploads\/2021\/10\/cropped-IMPRENTALO-negro-2.png\",\"datePublished\":\"2021-11-16T03:51:37+00:00\",\"dateModified\":\"2023-12-14T19:37:03+00:00\",\"description\":\"Aqu\u00ed podras ver informaci\u00f3n acerca de impretalo, conoceras la gran variedad de productos y procesos que podemos ofrecerte y sabr\u00e1s como contactarnos.\",\"breadcrumb\":{\"@id\":\"https:\/\/imprentalo.mx\/impresion\/acerca-imprentalo-mx\/#breadcrumb\"},\"inLanguage\":\"es\",\"potentialAction\":[{\"@type\":\"ReadAction\",\"target\":[\"https:\/\/imprentalo.mx\/impresion\/acerca-imprentalo-mx\/\"]}]},{\"@type\":\"ImageObject\",\"inLanguage\":\"es\",\"@id\":\"https:\/\/imprentalo.mx\/impresion\/acerca-imprentalo-mx\/#primaryimage\",\"url\":\"https:\/\/imprentalo.mx\/impresion\/wp-content\/uploads\/2021\/10\/cropped-IMPRENTALO-negro-2.png\",\"contentUrl\":\"https:\/\/imprentalo.mx\/impresion\/wp-content\/uploads\/2021\/10\/cropped-IMPRENTALO-negro-2.png\",\"width\":903,\"height\":305,\"caption\":\"logotipo impr\u00e9ntalo con nosotros\"},{\"@type\":\"BreadcrumbList\",\"@id\":\"https:\/\/imprentalo.mx\/impresion\/acerca-imprentalo-mx\/#breadcrumb\",\"itemListElement\":[{\"@type\":\"ListItem\",\"position\":1,\"name\":\"Home\",\"item\":\"https:\/\/imprentalo.mx\/impresion\/\"},{\"@type\":\"ListItem\",\"position\":2,\"name\":\"Acerca de Imprentalo.mx\"}]},{\"@type\":\"WebSite\",\"@id\":\"https:\/\/imprentalo.mx\/impresion\/#website\",\"url\":\"https:\/\/imprentalo.mx\/impresion\/\",\"name\":\"Imprentalo\",\"description\":\"Servicios de Impresi&oacute;n a tu medida\",\"publisher\":{\"@id\":\"https:\/\/imprentalo.mx\/impresion\/#organization\"},\"inLanguage\":\"es\"},{\"@type\":\"Organization\",\"@id\":\"https:\/\/imprentalo.mx\/impresion\/#organization\",\"name\":\"Impr\u00e9ntalo\",\"url\":\"https:\/\/imprentalo.mx\/impresion\/\",\"logo\":{\"@type\":\"ImageObject\",\"inLanguage\":\"es\",\"@id\":\"https:\/\/imprentalo.mx\/impresion\/#\/schema\/logo\/image\/\",\"url\":\"https:\/\/imprentalo.mx\/impresion\/wp-content\/uploads\/2021\/10\/cropped-IMPRENTALO-negro-2.png\",\"contentUrl\":\"https:\/\/imprentalo.mx\/impresion\/wp-content\/uploads\/2021\/10\/cropped-IMPRENTALO-negro-2.png\",\"width\":903,\"height\":305,\"caption\":\"Impr\u00e9ntalo\"},\"image\":{\"@id\":\"https:\/\/imprentalo.mx\/impresion\/#\/schema\/logo\/image\/\"}}]}<\/script>\n<!-- \/ Yoast SEO plugin. -->","yoast_head_json":{"title":"Acerca de Imprentalo.mx - Imprentalo.mx","description":"Aqu\u00ed podras ver informaci\u00f3n acerca de impretalo, conoceras la gran variedad de productos y procesos que podemos ofrecerte y sabr\u00e1s como contactarnos.","robots":{"index":"index","follow":"follow","max-snippet":"max-snippet:-1","max-image-preview":"max-image-preview:large","max-video-preview":"max-video-preview:-1"},"canonical":"https:\/\/imprentalo.mx\/impresion\/acerca-imprentalo-mx\/","og_locale":"es_ES","og_type":"article","og_title":"Acerca de Imprentalo.mx - Imprentalo.mx","og_description":"Aqu\u00ed podras ver informaci\u00f3n acerca de impretalo, conoceras la gran variedad de productos y procesos que podemos ofrecerte y sabr\u00e1s como contactarnos.","og_url":"https:\/\/imprentalo.mx\/impresion\/acerca-imprentalo-mx\/","og_site_name":"Imprentalo.mx","article_modified_time":"2023-12-14T19:37:03+00:00","og_image":[{"width":903,"height":305,"url":"https:\/\/imprentalo.mx\/impresion\/wp-content\/uploads\/2021\/10\/cropped-IMPRENTALO-negro-2.png","type":"image\/png"}],"twitter_card":"summary_large_image","twitter_misc":{"Tiempo de lectura":"2 minutos"},"schema":{"@context":"https:\/\/schema.org","@graph":[{"@type":"WebPage","@id":"https:\/\/imprentalo.mx\/impresion\/acerca-imprentalo-mx\/","url":"https:\/\/imprentalo.mx\/impresion\/acerca-imprentalo-mx\/","name":"Acerca de Imprentalo.mx - Imprentalo.mx","isPartOf":{"@id":"https:\/\/imprentalo.mx\/impresion\/#website"},"primaryImageOfPage":{"@id":"https:\/\/imprentalo.mx\/impresion\/acerca-imprentalo-mx\/#primaryimage"},"image":{"@id":"https:\/\/imprentalo.mx\/impresion\/acerca-imprentalo-mx\/#primaryimage"},"thumbnailUrl":"https:\/\/imprentalo.mx\/impresion\/wp-content\/uploads\/2021\/10\/cropped-IMPRENTALO-negro-2.png","datePublished":"2021-11-16T03:51:37+00:00","dateModified":"2023-12-14T19:37:03+00:00","description":"Aqu\u00ed podras ver informaci\u00f3n acerca de impretalo, conoceras la gran variedad de productos y procesos que podemos ofrecerte y sabr\u00e1s como contactarnos.","breadcrumb":{"@id":"https:\/\/imprentalo.mx\/impresion\/acerca-imprentalo-mx\/#breadcrumb"},"inLanguage":"es","potentialAction":[{"@type":"ReadAction","target":["https:\/\/imprentalo.mx\/impresion\/acerca-imprentalo-mx\/"]}]},{"@type":"ImageObject","inLanguage":"es","@id":"https:\/\/imprentalo.mx\/impresion\/acerca-imprentalo-mx\/#primaryimage","url":"https:\/\/imprentalo.mx\/impresion\/wp-content\/uploads\/2021\/10\/cropped-IMPRENTALO-negro-2.png","contentUrl":"https:\/\/imprentalo.mx\/impresion\/wp-content\/uploads\/2021\/10\/cropped-IMPRENTALO-negro-2.png","width":903,"height":305,"caption":"logotipo impr\u00e9ntalo con nosotros"},{"@type":"BreadcrumbList","@id":"https:\/\/imprentalo.mx\/impresion\/acerca-imprentalo-mx\/#breadcrumb","itemListElement":[{"@type":"ListItem","position":1,"name":"Home","item":"https:\/\/imprentalo.mx\/impresion\/"},{"@type":"ListItem","position":2,"name":"Acerca de Imprentalo.mx"}]},{"@type":"WebSite","@id":"https:\/\/imprentalo.mx\/impresion\/#website","url":"https:\/\/imprentalo.mx\/impresion\/","name":"Imprentalo","description":"Servicios de Impresi&oacute;n a tu medida","publisher":{"@id":"https:\/\/imprentalo.mx\/impresion\/#organization"},"inLanguage":"es"},{"@type":"Organization","@id":"https:\/\/imprentalo.mx\/impresion\/#organization","name":"Impr\u00e9ntalo","url":"https:\/\/imprentalo.mx\/impresion\/","logo":{"@type":"ImageObject","inLanguage":"es","@id":"https:\/\/imprentalo.mx\/impresion\/#\/schema\/logo\/image\/","url":"https:\/\/imprentalo.mx\/impresion\/wp-content\/uploads\/2021\/10\/cropped-IMPRENTALO-negro-2.png","contentUrl":"https:\/\/imprentalo.mx\/impresion\/wp-content\/uploads\/2021\/10\/cropped-IMPRENTALO-negro-2.png","width":903,"height":305,"caption":"Impr\u00e9ntalo"},"image":{"@id":"https:\/\/imprentalo.mx\/impresion\/#\/schema\/logo\/image\/"}}]}},"_links":{"self":[{"href":"https:\/\/imprentalo.mx\/impresion\/wp-json\/wp\/v2\/pages\/232","targetHints":{"allow":["GET"]}}],"collection":[{"href":"https:\/\/imprentalo.mx\/impresion\/wp-json\/wp\/v2\/pages"}],"about":[{"href":"https:\/\/imprentalo.mx\/impresion\/wp-json\/wp\/v2\/types\/page"}],"author":[{"embeddable":true,"href":"https:\/\/imprentalo.mx\/impresion\/wp-json\/wp\/v2\/users\/1"}],"replies":[{"embeddable":true,"href":"https:\/\/imprentalo.mx\/impresion\/wp-json\/wp\/v2\/comments?post=232"}],"version-history":[{"count":1,"href":"https:\/\/imprentalo.mx\/impresion\/wp-json\/wp\/v2\/pages\/232\/revisions"}],"predecessor-version":[{"id":3646,"href":"https:\/\/imprentalo.mx\/impresion\/wp-json\/wp\/v2\/pages\/232\/revisions\/3646"}],"wp:featuredmedia":[{"embeddable":true,"href":"https:\/\/imprentalo.mx\/impresion\/wp-json\/wp\/v2\/media\/166"}],"wp:attachment":[{"href":"https:\/\/imprentalo.mx\/impresion\/wp-json\/wp\/v2\/media?parent=232"}],"curies":[{"name":"wp","href":"https:\/\/api.w.org\/{rel}","templated":true}]}}