{"id":3196,"date":"2023-06-12T12:21:18","date_gmt":"2023-06-12T18:21:18","guid":{"rendered":"https:\/\/imprentalo.mx\/impresion\/?page_id=3196"},"modified":"2023-10-04T17:13:36","modified_gmt":"2023-10-04T23:13:36","slug":"etiquetas-2","status":"publish","type":"page","link":"https:\/\/imprentalo.mx\/impresion\/etiquetas-2\/","title":{"rendered":"Etiquetas"},"content":{"rendered":"\t\t<div data-elementor-type=\"wp-page\" data-elementor-id=\"3196\" class=\"elementor elementor-3196\" data-elementor-post-type=\"page\">\n\t\t\t\t<div class=\"elementor-element elementor-element-2ccc942 e-con-full e-flex e-con e-parent\" data-id=\"2ccc942\" data-element_type=\"container\">\n\t\t<div class=\"elementor-element elementor-element-1c79450 e-con-full animated-fast e-flex elementor-invisible e-con e-child\" data-id=\"1c79450\" data-element_type=\"container\" data-settings=\"{&quot;background_background&quot;:&quot;gradient&quot;,&quot;animation_delay&quot;:0,&quot;animation&quot;:&quot;fadeIn&quot;}\">\n\t\t<div class=\"elementor-element elementor-element-12b40f6 e-con-full e-flex e-con e-child\" data-id=\"12b40f6\" data-element_type=\"container\">\n\t\t\t\t<div class=\"elementor-element elementor-element-09a0660 shadow-test elementor-widget__width-inherit elementor-align-center elementor-widget elementor-widget-lottie\" data-id=\"09a0660\" data-element_type=\"widget\" data-settings=\"{&quot;source_json&quot;:{&quot;url&quot;:&quot;https:\\\/\\\/imprentalo.mx\\\/impresion\\\/wp-content\\\/uploads\\\/2023\\\/06\\\/etiquetas-title.json&quot;,&quot;id&quot;:3206,&quot;size&quot;:&quot;&quot;,&quot;alt&quot;:&quot;&quot;,&quot;source&quot;:&quot;library&quot;},&quot;start_point&quot;:{&quot;unit&quot;:&quot;%&quot;,&quot;size&quot;:0,&quot;sizes&quot;:[]},&quot;play_speed&quot;:{&quot;unit&quot;:&quot;px&quot;,&quot;size&quot;:1.600000000000000088817841970012523233890533447265625,&quot;sizes&quot;:[]},&quot;trigger&quot;:&quot;none&quot;,&quot;source&quot;:&quot;media_file&quot;,&quot;caption_source&quot;:&quot;none&quot;,&quot;link_to&quot;:&quot;none&quot;,&quot;end_point&quot;:{&quot;unit&quot;:&quot;%&quot;,&quot;size&quot;:100,&quot;sizes&quot;:[]},&quot;renderer&quot;:&quot;svg&quot;}\" data-widget_type=\"lottie.default\">\n\t\t\t\t<div class=\"elementor-widget-container\">\n\t\t\t\t\t<div class=\"e-lottie__container\"><div class=\"e-lottie__animation\"><\/div><\/div>\t\t\t\t<\/div>\n\t\t\t\t<\/div>\n\t\t\t\t<\/div>\n\t\t\t\t<div class=\"elementor-element elementor-element-c16f1fb about-animated elementor-headline--style-highlight elementor-widget elementor-widget-animated-headline\" data-id=\"c16f1fb\" data-element_type=\"widget\" data-settings=\"{&quot;marker&quot;:&quot;underline&quot;,&quot;highlighted_text&quot;:&quot;Gran variedad&quot;,&quot;highlight_animation_duration&quot;:1000,&quot;highlight_iteration_delay&quot;:5000,&quot;headline_style&quot;:&quot;highlight&quot;,&quot;loop&quot;:&quot;yes&quot;}\" data-widget_type=\"animated-headline.default\">\n\t\t\t\t<div class=\"elementor-widget-container\">\n\t\t\t\t\t\t\t<h3 class=\"elementor-headline\">\n\t\t\t\t<span class=\"elementor-headline-dynamic-wrapper elementor-headline-text-wrapper\">\n\t\t\t\t\t<span class=\"elementor-headline-dynamic-text elementor-headline-text-active\">Gran variedad<\/span>\n\t\t\t\t<\/span>\n\t\t\t\t\t<span class=\"elementor-headline-plain-text elementor-headline-text-wrapper\">de adhesivos.<\/span>\n\t\t\t\t\t<\/h3>\n\t\t\t\t\t\t<\/div>\n\t\t\t\t<\/div>\n\t\t\t\t<div class=\"elementor-element elementor-element-52fbd53 elementor-widget__width-initial elementor-widget elementor-widget-text-editor\" data-id=\"52fbd53\" data-element_type=\"widget\" data-widget_type=\"text-editor.default\">\n\t\t\t\t<div class=\"elementor-widget-container\">\n\t\t\t\t\t\t\t\t\t<p>La impresi\u00f3n de etiquetas autoadheribles desempe\u00f1a un papel fundamental en diversos sectores y aplicaciones. Estas etiquetas ofrecen una soluci\u00f3n pr\u00e1ctica y vers\u00e1til para identificar productos, brindar informaci\u00f3n relevante y promover marcas. Su facilidad de aplicaci\u00f3n y capacidad para adherirse a diferentes superficies las convierte en una herramienta esencial para la log\u00edstica, el etiquetado de productos, la gesti\u00f3n de inventario y la trazabilidad. Adem\u00e1s, las etiquetas autoadheribles permiten personalizar y destacar los productos, comunicando mensajes claros y llamativos. Garantizan la legibilidad y durabilidad de la informaci\u00f3n impresa, lo que resulta crucial para la seguridad del consumidor y el cumplimiento normativo. En resumen, la impresi\u00f3n de etiquetas autoadheribles desempe\u00f1a un papel fundamental en la eficiencia operativa y la comunicaci\u00f3n efectiva de las empresas, asegurando una experiencia positiva para clientes y consumidores.<\/p>\t\t\t\t\t\t\t\t<\/div>\n\t\t\t\t<\/div>\n\t\t\t\t<\/div>\n\t\t<div class=\"elementor-element elementor-element-67d91de e-con-full e-flex e-con e-child\" data-id=\"67d91de\" data-element_type=\"container\" data-settings=\"{&quot;background_background&quot;:&quot;gradient&quot;}\">\n\t\t\t\t<div class=\"elementor-element elementor-element-7b90329 elementor-widget elementor-widget-heading\" data-id=\"7b90329\" data-element_type=\"widget\" data-widget_type=\"heading.default\">\n\t\t\t\t<div class=\"elementor-widget-container\">\n\t\t\t\t\t<h2 class=\"elementor-heading-title elementor-size-default\">Procesos de Impresi\u00f3n<\/h2>\t\t\t\t<\/div>\n\t\t\t\t<\/div>\n\t\t\t\t<div class=\"elementor-element elementor-element-5ce90a8 elementor-widget elementor-widget-image\" data-id=\"5ce90a8\" data-element_type=\"widget\" data-widget_type=\"image.default\">\n\t\t\t\t<div class=\"elementor-widget-container\">\n\t\t\t\t\t\t\t\t\t\t\t\t\t\t\t<img fetchpriority=\"high\" decoding=\"async\" width=\"800\" height=\"534\" src=\"https:\/\/imprentalo.mx\/impresion\/wp-content\/uploads\/2022\/01\/Etiquetas-1024x684.png\" class=\"attachment-large size-large wp-image-298\" alt=\"impresi\u00f3n de etiquetas con gran variedad de adhesivos\" srcset=\"https:\/\/imprentalo.mx\/impresion\/wp-content\/uploads\/2022\/01\/Etiquetas-1024x684.png 1024w, https:\/\/imprentalo.mx\/impresion\/wp-content\/uploads\/2022\/01\/Etiquetas-600x401.png 600w, https:\/\/imprentalo.mx\/impresion\/wp-content\/uploads\/2022\/01\/Etiquetas-300x200.png 300w, https:\/\/imprentalo.mx\/impresion\/wp-content\/uploads\/2022\/01\/Etiquetas-768x513.png 768w, https:\/\/imprentalo.mx\/impresion\/wp-content\/uploads\/2022\/01\/Etiquetas-1536x1026.png 1536w, https:\/\/imprentalo.mx\/impresion\/wp-content\/uploads\/2022\/01\/Etiquetas-2048x1368.png 2048w\" sizes=\"(max-width: 800px) 100vw, 800px\" \/>\t\t\t\t\t\t\t\t\t\t\t\t\t\t\t<\/div>\n\t\t\t\t<\/div>\n\t\t\t\t<div class=\"elementor-element elementor-element-2608ec0 elementor-widget elementor-widget-text-editor\" data-id=\"2608ec0\" data-element_type=\"widget\" data-widget_type=\"text-editor.default\">\n\t\t\t\t<div class=\"elementor-widget-container\">\n\t\t\t\t\t\t\t\t\t<p>En Impr\u00e9ntalo podr\u00e1s encontrar un equipo que colabore contigo en tus proyectos, poniendo desde el primer d\u00eda, todo nuestro empe\u00f1o y experiencia para que los proyectos que dejas en nuestras manos, superen tus expectativas, nos encantan los retos por complejos que estos sean y por supuesto, que conf\u00edes en nosotros como tu amigo o proveedor<\/p>\t\t\t\t\t\t\t\t<\/div>\n\t\t\t\t<\/div>\n\t\t\t\t<div class=\"elementor-element elementor-element-23fbd4b elementor-align-center elementor-widget elementor-widget-button\" data-id=\"23fbd4b\" data-element_type=\"widget\" data-widget_type=\"button.default\">\n\t\t\t\t<div class=\"elementor-widget-container\">\n\t\t\t\t\t\t\t\t\t<div class=\"elementor-button-wrapper\">\n\t\t\t\t\t<a class=\"elementor-button elementor-button-link elementor-size-sm\" href=\"https:\/\/api.whatsapp.com\/message\/WK7OTJS2DYVOH1\" target=\"_blank\">\n\t\t\t\t\t\t<span class=\"elementor-button-content-wrapper\">\n\t\t\t\t\t\t\t\t\t<span class=\"elementor-button-text\">Env\u00eda un mensaje por WhatsApp<\/span>\n\t\t\t\t\t<\/span>\n\t\t\t\t\t<\/a>\n\t\t\t\t<\/div>\n\t\t\t\t\t\t\t\t<\/div>\n\t\t\t\t<\/div>\n\t\t\t\t<\/div>\n\t\t\t\t<\/div>\n\t\t\t\t<\/div>\n\t\t","protected":false},"excerpt":{"rendered":"<p>Gran variedad de adhesivos. La impresi\u00f3n de etiquetas autoadheribles desempe\u00f1a un papel fundamental en diversos sectores y aplicaciones. Estas etiquetas ofrecen una soluci\u00f3n pr\u00e1ctica y vers\u00e1til para identificar productos, brindar informaci\u00f3n relevante y promover marcas. Su facilidad de aplicaci\u00f3n y capacidad para adherirse a diferentes superficies las convierte en una herramienta esencial para la log\u00edstica, [&hellip;]<\/p>\n","protected":false},"author":1,"featured_media":0,"parent":0,"menu_order":0,"comment_status":"closed","ping_status":"closed","template":"elementor_header_footer","meta":{"footnotes":""},"class_list":["post-3196","page","type-page","status-publish","hentry"],"yoast_head":"<!-- This site is optimized with the Yoast SEO plugin v26.4 - https:\/\/yoast.com\/wordpress\/plugins\/seo\/ -->\n<title>Impresi\u00f3n y corte de etiquetas autoadheribles - Impr\u00e9ntalo.mx<\/title>\n<meta name=\"description\" content=\"Contamos con todos los procesos de impresi\u00f3n y podemos ofrecerte una gran variedad de adhesivos para cualquiera de tus necesidades.\" \/>\n<meta name=\"robots\" content=\"index, follow, max-snippet:-1, max-image-preview:large, max-video-preview:-1\" \/>\n<link rel=\"canonical\" href=\"https:\/\/imprentalo.mx\/impresion\/etiquetas-2\/\" \/>\n<meta property=\"og:locale\" content=\"es_ES\" \/>\n<meta property=\"og:type\" content=\"article\" \/>\n<meta property=\"og:title\" content=\"Impresi\u00f3n y corte de etiquetas autoadheribles - Impr\u00e9ntalo.mx\" \/>\n<meta property=\"og:description\" content=\"Contamos con todos los procesos de impresi\u00f3n y podemos ofrecerte una gran variedad de adhesivos para cualquiera de tus necesidades.\" \/>\n<meta property=\"og:url\" content=\"https:\/\/imprentalo.mx\/impresion\/etiquetas-2\/\" \/>\n<meta property=\"og:site_name\" content=\"Imprentalo.mx\" \/>\n<meta property=\"article:modified_time\" content=\"2023-10-04T23:13:36+00:00\" \/>\n<meta property=\"og:image\" content=\"https:\/\/imprentalo.mx\/impresion\/wp-content\/uploads\/2022\/01\/Etiquetas-1024x684.png\" \/>\n<meta name=\"twitter:card\" content=\"summary_large_image\" \/>\n<meta name=\"twitter:label1\" content=\"Tiempo de lectura\" \/>\n\t<meta name=\"twitter:data1\" content=\"2 minutos\" \/>\n<script type=\"application\/ld+json\" class=\"yoast-schema-graph\">{\"@context\":\"https:\/\/schema.org\",\"@graph\":[{\"@type\":\"WebPage\",\"@id\":\"https:\/\/imprentalo.mx\/impresion\/etiquetas-2\/\",\"url\":\"https:\/\/imprentalo.mx\/impresion\/etiquetas-2\/\",\"name\":\"Impresi\u00f3n y corte de etiquetas autoadheribles - Impr\u00e9ntalo.mx\",\"isPartOf\":{\"@id\":\"https:\/\/imprentalo.mx\/impresion\/#website\"},\"primaryImageOfPage\":{\"@id\":\"https:\/\/imprentalo.mx\/impresion\/etiquetas-2\/#primaryimage\"},\"image\":{\"@id\":\"https:\/\/imprentalo.mx\/impresion\/etiquetas-2\/#primaryimage\"},\"thumbnailUrl\":\"https:\/\/imprentalo.mx\/impresion\/wp-content\/uploads\/2022\/01\/Etiquetas-1024x684.png\",\"datePublished\":\"2023-06-12T18:21:18+00:00\",\"dateModified\":\"2023-10-04T23:13:36+00:00\",\"description\":\"Contamos con todos los procesos de impresi\u00f3n y podemos ofrecerte una gran variedad de adhesivos para cualquiera de tus necesidades.\",\"breadcrumb\":{\"@id\":\"https:\/\/imprentalo.mx\/impresion\/etiquetas-2\/#breadcrumb\"},\"inLanguage\":\"es\",\"potentialAction\":[{\"@type\":\"ReadAction\",\"target\":[\"https:\/\/imprentalo.mx\/impresion\/etiquetas-2\/\"]}]},{\"@type\":\"ImageObject\",\"inLanguage\":\"es\",\"@id\":\"https:\/\/imprentalo.mx\/impresion\/etiquetas-2\/#primaryimage\",\"url\":\"https:\/\/imprentalo.mx\/impresion\/wp-content\/uploads\/2022\/01\/Etiquetas.png\",\"contentUrl\":\"https:\/\/imprentalo.mx\/impresion\/wp-content\/uploads\/2022\/01\/Etiquetas.png\",\"width\":2480,\"height\":1657,\"caption\":\"impresi\u00f3n de etiquetas con gran variedad de adhesivos\"},{\"@type\":\"BreadcrumbList\",\"@id\":\"https:\/\/imprentalo.mx\/impresion\/etiquetas-2\/#breadcrumb\",\"itemListElement\":[{\"@type\":\"ListItem\",\"position\":1,\"name\":\"Home\",\"item\":\"https:\/\/imprentalo.mx\/impresion\/\"},{\"@type\":\"ListItem\",\"position\":2,\"name\":\"Etiquetas\"}]},{\"@type\":\"WebSite\",\"@id\":\"https:\/\/imprentalo.mx\/impresion\/#website\",\"url\":\"https:\/\/imprentalo.mx\/impresion\/\",\"name\":\"Imprentalo\",\"description\":\"Servicios de Impresi&oacute;n a tu medida\",\"publisher\":{\"@id\":\"https:\/\/imprentalo.mx\/impresion\/#organization\"},\"inLanguage\":\"es\"},{\"@type\":\"Organization\",\"@id\":\"https:\/\/imprentalo.mx\/impresion\/#organization\",\"name\":\"Impr\u00e9ntalo\",\"url\":\"https:\/\/imprentalo.mx\/impresion\/\",\"logo\":{\"@type\":\"ImageObject\",\"inLanguage\":\"es\",\"@id\":\"https:\/\/imprentalo.mx\/impresion\/#\/schema\/logo\/image\/\",\"url\":\"https:\/\/imprentalo.mx\/impresion\/wp-content\/uploads\/2021\/10\/cropped-IMPRENTALO-negro-2.png\",\"contentUrl\":\"https:\/\/imprentalo.mx\/impresion\/wp-content\/uploads\/2021\/10\/cropped-IMPRENTALO-negro-2.png\",\"width\":903,\"height\":305,\"caption\":\"Impr\u00e9ntalo\"},\"image\":{\"@id\":\"https:\/\/imprentalo.mx\/impresion\/#\/schema\/logo\/image\/\"}}]}<\/script>\n<!-- \/ Yoast SEO plugin. -->","yoast_head_json":{"title":"Impresi\u00f3n y corte de etiquetas autoadheribles - Impr\u00e9ntalo.mx","description":"Contamos con todos los procesos de impresi\u00f3n y podemos ofrecerte una gran variedad de adhesivos para cualquiera de tus necesidades.","robots":{"index":"index","follow":"follow","max-snippet":"max-snippet:-1","max-image-preview":"max-image-preview:large","max-video-preview":"max-video-preview:-1"},"canonical":"https:\/\/imprentalo.mx\/impresion\/etiquetas-2\/","og_locale":"es_ES","og_type":"article","og_title":"Impresi\u00f3n y corte de etiquetas autoadheribles - Impr\u00e9ntalo.mx","og_description":"Contamos con todos los procesos de impresi\u00f3n y podemos ofrecerte una gran variedad de adhesivos para cualquiera de tus necesidades.","og_url":"https:\/\/imprentalo.mx\/impresion\/etiquetas-2\/","og_site_name":"Imprentalo.mx","article_modified_time":"2023-10-04T23:13:36+00:00","og_image":[{"url":"https:\/\/imprentalo.mx\/impresion\/wp-content\/uploads\/2022\/01\/Etiquetas-1024x684.png","type":"","width":"","height":""}],"twitter_card":"summary_large_image","twitter_misc":{"Tiempo de lectura":"2 minutos"},"schema":{"@context":"https:\/\/schema.org","@graph":[{"@type":"WebPage","@id":"https:\/\/imprentalo.mx\/impresion\/etiquetas-2\/","url":"https:\/\/imprentalo.mx\/impresion\/etiquetas-2\/","name":"Impresi\u00f3n y corte de etiquetas autoadheribles - Impr\u00e9ntalo.mx","isPartOf":{"@id":"https:\/\/imprentalo.mx\/impresion\/#website"},"primaryImageOfPage":{"@id":"https:\/\/imprentalo.mx\/impresion\/etiquetas-2\/#primaryimage"},"image":{"@id":"https:\/\/imprentalo.mx\/impresion\/etiquetas-2\/#primaryimage"},"thumbnailUrl":"https:\/\/imprentalo.mx\/impresion\/wp-content\/uploads\/2022\/01\/Etiquetas-1024x684.png","datePublished":"2023-06-12T18:21:18+00:00","dateModified":"2023-10-04T23:13:36+00:00","description":"Contamos con todos los procesos de impresi\u00f3n y podemos ofrecerte una gran variedad de adhesivos para cualquiera de tus necesidades.","breadcrumb":{"@id":"https:\/\/imprentalo.mx\/impresion\/etiquetas-2\/#breadcrumb"},"inLanguage":"es","potentialAction":[{"@type":"ReadAction","target":["https:\/\/imprentalo.mx\/impresion\/etiquetas-2\/"]}]},{"@type":"ImageObject","inLanguage":"es","@id":"https:\/\/imprentalo.mx\/impresion\/etiquetas-2\/#primaryimage","url":"https:\/\/imprentalo.mx\/impresion\/wp-content\/uploads\/2022\/01\/Etiquetas.png","contentUrl":"https:\/\/imprentalo.mx\/impresion\/wp-content\/uploads\/2022\/01\/Etiquetas.png","width":2480,"height":1657,"caption":"impresi\u00f3n de etiquetas con gran variedad de adhesivos"},{"@type":"BreadcrumbList","@id":"https:\/\/imprentalo.mx\/impresion\/etiquetas-2\/#breadcrumb","itemListElement":[{"@type":"ListItem","position":1,"name":"Home","item":"https:\/\/imprentalo.mx\/impresion\/"},{"@type":"ListItem","position":2,"name":"Etiquetas"}]},{"@type":"WebSite","@id":"https:\/\/imprentalo.mx\/impresion\/#website","url":"https:\/\/imprentalo.mx\/impresion\/","name":"Imprentalo","description":"Servicios de Impresi&oacute;n a tu medida","publisher":{"@id":"https:\/\/imprentalo.mx\/impresion\/#organization"},"inLanguage":"es"},{"@type":"Organization","@id":"https:\/\/imprentalo.mx\/impresion\/#organization","name":"Impr\u00e9ntalo","url":"https:\/\/imprentalo.mx\/impresion\/","logo":{"@type":"ImageObject","inLanguage":"es","@id":"https:\/\/imprentalo.mx\/impresion\/#\/schema\/logo\/image\/","url":"https:\/\/imprentalo.mx\/impresion\/wp-content\/uploads\/2021\/10\/cropped-IMPRENTALO-negro-2.png","contentUrl":"https:\/\/imprentalo.mx\/impresion\/wp-content\/uploads\/2021\/10\/cropped-IMPRENTALO-negro-2.png","width":903,"height":305,"caption":"Impr\u00e9ntalo"},"image":{"@id":"https:\/\/imprentalo.mx\/impresion\/#\/schema\/logo\/image\/"}}]}},"_links":{"self":[{"href":"https:\/\/imprentalo.mx\/impresion\/wp-json\/wp\/v2\/pages\/3196","targetHints":{"allow":["GET"]}}],"collection":[{"href":"https:\/\/imprentalo.mx\/impresion\/wp-json\/wp\/v2\/pages"}],"about":[{"href":"https:\/\/imprentalo.mx\/impresion\/wp-json\/wp\/v2\/types\/page"}],"author":[{"embeddable":true,"href":"https:\/\/imprentalo.mx\/impresion\/wp-json\/wp\/v2\/users\/1"}],"replies":[{"embeddable":true,"href":"https:\/\/imprentalo.mx\/impresion\/wp-json\/wp\/v2\/comments?post=3196"}],"version-history":[{"count":0,"href":"https:\/\/imprentalo.mx\/impresion\/wp-json\/wp\/v2\/pages\/3196\/revisions"}],"wp:attachment":[{"href":"https:\/\/imprentalo.mx\/impresion\/wp-json\/wp\/v2\/media?parent=3196"}],"curies":[{"name":"wp","href":"https:\/\/api.w.org\/{rel}","templated":true}]}}